{"id":1210,"date":"2019-01-04T19:18:43","date_gmt":"2019-01-04T18:18:43","guid":{"rendered":"http:\/\/www.altesrathaus-kaarst.de\/wordpress\/?page_id=1210"},"modified":"2019-01-05T01:29:00","modified_gmt":"2019-01-05T00:29:00","slug":"foodstop-konzept","status":"publish","type":"page","link":"http:\/\/www.altesrathaus-kaarst.de\/wordpress\/foodstop-konzept\/","title":{"rendered":"Foodstop Konzept"},"content":{"rendered":"<div id=\"pl-1210\"  class=\"panel-layout\" ><div id=\"pg-1210-0\"  class=\"panel-grid panel-no-style\" ><div id=\"pgc-1210-0-0\"  class=\"panel-grid-cell\" ><div id=\"panel-1210-0-0-0\" class=\"so-panel widget widget_sow-editor panel-first-child panel-last-child\" data-index=\"0\" ><div\n\t\t\t\n\t\t\tclass=\"so-widget-sow-editor so-widget-sow-editor-base\"\n\t\t\t\n\t\t>\n<div class=\"siteorigin-widget-tinymce textwidget\">\n\t<h3><strong>Event-Veranstaltungen \u2022 Catering \u2022 Vermietung<\/strong><\/h3>\n<p><strong>Unser Servicepersonal versorgt Sie und Ihre G\u00e4ste mit Ihrem gew\u00e4hlten Servicekonzept.<\/strong><br \/><strong>Gerne erstellen wir Ihnen ein unverbindliches Angebot f\u00fcr das jeweilige Konzept.<\/strong><\/p>\n<p>Buchen Sie unseren Foodstop f\u00fcr Ihre Firmenveranstaltungen, Geburtstage, Hochzeiten, sowie alle sonstigen Events. Sie w\u00e4hlen einfach vorher eines unserer Konzepte bestehend aus:<\/p>\n<p>Flammkuchen, Hotdogs, Nudeln, Pizza, Waffeln u.v.m.<\/p>\n<p>Wir versprechen Ihnen, aus Ihrem Event ein unvergessliches Erlebnis zu machen, dass Sie und Ihre G\u00e4ste noch lange beeindrucken wird.\u00a0Rufen Sie uns gerne\u00a0an, wir beraten Sie umfassend.<\/p>\n<\/div>\n<\/div><\/div><\/div><div id=\"pgc-1210-0-1\"  class=\"panel-grid-cell\" ><div id=\"panel-1210-0-1-0\" class=\"so-panel widget widget_sow-editor panel-first-child panel-last-child\" data-index=\"1\" ><div\n\t\t\t\n\t\t\tclass=\"so-widget-sow-editor so-widget-sow-editor-base\"\n\t\t\t\n\t\t>\n<div class=\"siteorigin-widget-tinymce textwidget\">\n\t<p><img loading=\"lazy\" decoding=\"async\" class=\"alignnone wp-image-1336 size-full\" src=\"http:\/\/www.altesrathaus-kaarst.de\/wordpress\/wp-content\/uploads\/2019\/01\/Foodstop_Logo_Miet_mich.png\" alt=\"\" width=\"2000\" height=\"1480\" srcset=\"http:\/\/www.altesrathaus-kaarst.de\/wordpress\/wp-content\/uploads\/2019\/01\/Foodstop_Logo_Miet_mich.png 2000w, http:\/\/www.altesrathaus-kaarst.de\/wordpress\/wp-content\/uploads\/2019\/01\/Foodstop_Logo_Miet_mich-300x222.png 300w, http:\/\/www.altesrathaus-kaarst.de\/wordpress\/wp-content\/uploads\/2019\/01\/Foodstop_Logo_Miet_mich-768x568.png 768w, http:\/\/www.altesrathaus-kaarst.de\/wordpress\/wp-content\/uploads\/2019\/01\/Foodstop_Logo_Miet_mich-1024x758.png 1024w, http:\/\/www.altesrathaus-kaarst.de\/wordpress\/wp-content\/uploads\/2019\/01\/Foodstop_Logo_Miet_mich-108x80.png 108w\" sizes=\"auto, (max-width: 2000px) 100vw, 2000px\" \/><\/p>\n<\/div>\n<\/div><\/div><\/div><\/div><div id=\"pg-1210-1\"  class=\"panel-grid panel-no-style\" ><div id=\"pgc-1210-1-0\"  class=\"panel-grid-cell\" ><div id=\"panel-1210-1-0-0\" class=\"so-panel widget widget_sow-editor panel-first-child panel-last-child\" data-index=\"2\" ><div\n\t\t\t\n\t\t\tclass=\"so-widget-sow-editor so-widget-sow-editor-base\"\n\t\t\t\n\t\t>\n<div class=\"siteorigin-widget-tinymce textwidget\">\n\t<hr \/>\n<h5><strong>Miet mich!\u00a0<\/strong>Telefon +49 163\u00a0\/ 2379397\u00a0oder per Mail\u00a0<a href=\"mailto:info@altesrathauskaarst.de\">info@altesrathauskaarst.de<\/a><\/h5>\n<\/div>\n<\/div><\/div><\/div><div id=\"pgc-1210-1-1\"  class=\"panel-grid-cell\" ><div id=\"panel-1210-1-1-0\" class=\"so-panel widget widget_sow-editor panel-first-child panel-last-child\" data-index=\"3\" ><div\n\t\t\t\n\t\t\tclass=\"so-widget-sow-editor so-widget-sow-editor-base\"\n\t\t\t\n\t\t>\n<div class=\"siteorigin-widget-tinymce textwidget\">\n\t<hr \/>\n<h5><a href=\"http:\/\/www.altesrathaus-kaarst.de\/wordpress\/wp-content\/uploads\/2019\/01\/AR_Foodstop_Flyer_Flammkuchen.pdf\" target=\"_blank\" rel=\"noopener noreferrer\"><strong>Download<\/strong> unseres Foodstop-Flyers<\/a><\/h5>\n<\/div>\n<\/div><\/div><\/div><\/div><div id=\"pg-1210-2\"  class=\"panel-grid panel-no-style\" ><div id=\"pgc-1210-2-0\"  class=\"panel-grid-cell\" ><div id=\"panel-1210-2-0-0\" class=\"so-panel widget widget_sow-editor panel-first-child panel-last-child\" data-index=\"4\" ><div class=\"panel-widget-style panel-widget-style-for-1210-2-0-0\" ><div\n\t\t\t\n\t\t\tclass=\"so-widget-sow-editor so-widget-sow-editor-base\"\n\t\t\t\n\t\t>\n<div class=\"siteorigin-widget-tinymce textwidget\">\n\t<h3 style=\"text-align: center;\"><strong>Au\u00dfergew\u00f6hnliches Catering<\/strong>\u00a0f\u00fcr jede Gelegenheit<\/h3>\n<\/div>\n<\/div><\/div><\/div><\/div><\/div><div id=\"pg-1210-3\"  class=\"panel-grid panel-no-style\" ><div id=\"pgc-1210-3-0\"  class=\"panel-grid-cell\" ><div id=\"panel-1210-3-0-0\" class=\"so-panel widget widget_sow-editor panel-first-child panel-last-child\" data-index=\"5\" ><div\n\t\t\t\n\t\t\tclass=\"so-widget-sow-editor so-widget-sow-editor-base\"\n\t\t\t\n\t\t>\n<div class=\"siteorigin-widget-tinymce textwidget\">\n\t<p><a href=\"http:\/\/www.altesrathaus-kaarst.de\/wordpress\/wp-content\/uploads\/2019\/01\/AR_Foodstop_Image_Total.jpg\" target=\"_blank\" rel=\"noopener noreferrer\"><img loading=\"lazy\" decoding=\"async\" class=\"alignnone wp-image-1291 size-full\" src=\"http:\/\/www.altesrathaus-kaarst.de\/wordpress\/wp-content\/uploads\/2019\/01\/AR_Foodstop_Image_Total.jpg\" alt=\"\" width=\"2000\" height=\"1333\" srcset=\"http:\/\/www.altesrathaus-kaarst.de\/wordpress\/wp-content\/uploads\/2019\/01\/AR_Foodstop_Image_Total.jpg 2000w, http:\/\/www.altesrathaus-kaarst.de\/wordpress\/wp-content\/uploads\/2019\/01\/AR_Foodstop_Image_Total-300x200.jpg 300w, http:\/\/www.altesrathaus-kaarst.de\/wordpress\/wp-content\/uploads\/2019\/01\/AR_Foodstop_Image_Total-768x512.jpg 768w, http:\/\/www.altesrathaus-kaarst.de\/wordpress\/wp-content\/uploads\/2019\/01\/AR_Foodstop_Image_Total-1024x682.jpg 1024w, http:\/\/www.altesrathaus-kaarst.de\/wordpress\/wp-content\/uploads\/2019\/01\/AR_Foodstop_Image_Total-120x80.jpg 120w, http:\/\/www.altesrathaus-kaarst.de\/wordpress\/wp-content\/uploads\/2019\/01\/AR_Foodstop_Image_Total-272x182.jpg 272w\" sizes=\"auto, (max-width: 2000px) 100vw, 2000px\" \/><\/a><\/p>\n<\/div>\n<\/div><\/div><\/div><div id=\"pgc-1210-3-1\"  class=\"panel-grid-cell\" ><div id=\"panel-1210-3-1-0\" class=\"so-panel widget widget_sow-editor panel-first-child panel-last-child\" data-index=\"6\" ><div\n\t\t\t\n\t\t\tclass=\"so-widget-sow-editor so-widget-sow-editor-base\"\n\t\t\t\n\t\t>\n<div class=\"siteorigin-widget-tinymce textwidget\">\n\t<p><a href=\"http:\/\/www.altesrathaus-kaarst.de\/wordpress\/wp-content\/uploads\/2019\/01\/Foodstop_innen_Hotdog.jpg\" target=\"_blank\" rel=\"noopener noreferrer\"><img loading=\"lazy\" decoding=\"async\" class=\"alignnone wp-image-1410 size-full\" src=\"http:\/\/www.altesrathaus-kaarst.de\/wordpress\/wp-content\/uploads\/2019\/01\/Foodstop_innen_Hotdog.jpg\" alt=\"\" width=\"2000\" height=\"1333\" srcset=\"http:\/\/www.altesrathaus-kaarst.de\/wordpress\/wp-content\/uploads\/2019\/01\/Foodstop_innen_Hotdog.jpg 2000w, http:\/\/www.altesrathaus-kaarst.de\/wordpress\/wp-content\/uploads\/2019\/01\/Foodstop_innen_Hotdog-300x200.jpg 300w, http:\/\/www.altesrathaus-kaarst.de\/wordpress\/wp-content\/uploads\/2019\/01\/Foodstop_innen_Hotdog-768x512.jpg 768w, http:\/\/www.altesrathaus-kaarst.de\/wordpress\/wp-content\/uploads\/2019\/01\/Foodstop_innen_Hotdog-1024x682.jpg 1024w, http:\/\/www.altesrathaus-kaarst.de\/wordpress\/wp-content\/uploads\/2019\/01\/Foodstop_innen_Hotdog-120x80.jpg 120w, http:\/\/www.altesrathaus-kaarst.de\/wordpress\/wp-content\/uploads\/2019\/01\/Foodstop_innen_Hotdog-272x182.jpg 272w\" sizes=\"auto, (max-width: 2000px) 100vw, 2000px\" \/><\/a><\/p>\n<\/div>\n<\/div><\/div><\/div><div id=\"pgc-1210-3-2\"  class=\"panel-grid-cell\" ><div id=\"panel-1210-3-2-0\" class=\"so-panel widget widget_sow-editor panel-first-child panel-last-child\" data-index=\"7\" ><div\n\t\t\t\n\t\t\tclass=\"so-widget-sow-editor so-widget-sow-editor-base\"\n\t\t\t\n\t\t>\n<div class=\"siteorigin-widget-tinymce textwidget\">\n\t<p><a href=\"http:\/\/www.altesrathaus-kaarst.de\/wordpress\/wp-content\/uploads\/2019\/01\/Foodtstop_crowd.jpg\" target=\"_blank\" rel=\"noopener noreferrer\"><img loading=\"lazy\" decoding=\"async\" class=\"alignnone wp-image-1413 size-full\" src=\"http:\/\/www.altesrathaus-kaarst.de\/wordpress\/wp-content\/uploads\/2019\/01\/Foodtstop_crowd.jpg\" alt=\"\" width=\"2000\" height=\"1333\" srcset=\"http:\/\/www.altesrathaus-kaarst.de\/wordpress\/wp-content\/uploads\/2019\/01\/Foodtstop_crowd.jpg 2000w, http:\/\/www.altesrathaus-kaarst.de\/wordpress\/wp-content\/uploads\/2019\/01\/Foodtstop_crowd-300x200.jpg 300w, http:\/\/www.altesrathaus-kaarst.de\/wordpress\/wp-content\/uploads\/2019\/01\/Foodtstop_crowd-768x512.jpg 768w, http:\/\/www.altesrathaus-kaarst.de\/wordpress\/wp-content\/uploads\/2019\/01\/Foodtstop_crowd-1024x682.jpg 1024w, http:\/\/www.altesrathaus-kaarst.de\/wordpress\/wp-content\/uploads\/2019\/01\/Foodtstop_crowd-120x80.jpg 120w, http:\/\/www.altesrathaus-kaarst.de\/wordpress\/wp-content\/uploads\/2019\/01\/Foodtstop_crowd-272x182.jpg 272w\" sizes=\"auto, (max-width: 2000px) 100vw, 2000px\" \/><\/a><\/p>\n<\/div>\n<\/div><\/div><\/div><\/div><\/div>","protected":false},"excerpt":{"rendered":"<p>Event-Veranstaltungen \u2022 Catering \u2022 VermietungUnser Servicepersonal versorgt Sie und Ihre G\u00e4ste mit Ihrem gew\u00e4hlten Servicekonzept.Gerne erstellen wir Ihnen ein unverbindliches Angebot f\u00fcr das jeweilige Konzept.Buchen Sie unseren Foodstop f\u00fcr Ihre Firmenveranstaltungen, Geburtstage, Hochzeiten, sowie alle sonstigen Events. Sie w\u00e4hlen einfach vorher eines unserer Konzepte bestehend aus:Flammkuchen, Hotdogs, Nudeln, Pizza, Waffeln [&hellip;]<\/p>\n","protected":false},"author":1,"featured_media":0,"parent":0,"menu_order":0,"comment_status":"closed","ping_status":"closed","template":"","meta":{"footnotes":""},"class_list":["post-1210","page","type-page","status-publish","hentry"],"_links":{"self":[{"href":"http:\/\/www.altesrathaus-kaarst.de\/wordpress\/wp-json\/wp\/v2\/pages\/1210","targetHints":{"allow":["GET"]}}],"collection":[{"href":"http:\/\/www.altesrathaus-kaarst.de\/wordpress\/wp-json\/wp\/v2\/pages"}],"about":[{"href":"http:\/\/www.altesrathaus-kaarst.de\/wordpress\/wp-json\/wp\/v2\/types\/page"}],"author":[{"embeddable":true,"href":"http:\/\/www.altesrathaus-kaarst.de\/wordpress\/wp-json\/wp\/v2\/users\/1"}],"replies":[{"embeddable":true,"href":"http:\/\/www.altesrathaus-kaarst.de\/wordpress\/wp-json\/wp\/v2\/comments?post=1210"}],"version-history":[{"count":85,"href":"http:\/\/www.altesrathaus-kaarst.de\/wordpress\/wp-json\/wp\/v2\/pages\/1210\/revisions"}],"predecessor-version":[{"id":1535,"href":"http:\/\/www.altesrathaus-kaarst.de\/wordpress\/wp-json\/wp\/v2\/pages\/1210\/revisions\/1535"}],"wp:attachment":[{"href":"http:\/\/www.altesrathaus-kaarst.de\/wordpress\/wp-json\/wp\/v2\/media?parent=1210"}],"curies":[{"name":"wp","href":"https:\/\/api.w.org\/{rel}","templated":true}]}}