{"id":16,"date":"2016-09-22T22:33:25","date_gmt":"2016-09-22T20:33:25","guid":{"rendered":"http:\/\/www.altesrathaus-kaarst.de\/wordpress\/?page_id=16"},"modified":"2016-09-24T21:02:41","modified_gmt":"2016-09-24T19:02:41","slug":"jobs","status":"publish","type":"page","link":"http:\/\/www.altesrathaus-kaarst.de\/wordpress\/jobs\/","title":{"rendered":"Jobs"},"content":{"rendered":"<h3 style=\"text-align: center;\">Hast du Lust, in einem jungen und dynamischen Team mitzuwirken?<\/h3>\n<p style=\"text-align: center;\"><div class=\"flexslider ewic-slider-lite is_on_\" id=\"ewic-con-34369e23157008da\"><style>#ewic-con-34369e23157008da .flex-direction-nav .flex-next, #ewic-con-34369e23157008da .flex-direction-nav .flex-prev {opacity: 1;} #ewic-con-34369e23157008da .flex-direction-nav .flex-next {right: 10px !important; text-align: right !important;} #ewic-con-34369e23157008da .flex-direction-nav .flex-prev {left: 10px !important;}<\/style><div id=\"preloader-34369e23157008da\" class=\"sliderpreloader\"><\/div><ul style=\"display:none;\" class=\"slides flexslider-34369e23157008da\"><li class=\"ewic-slider\"><a href=\"http:\/\/www.altesrathaus-kaarst.de\/wordpress\/wp-content\/uploads\/2016\/09\/jobs1.jpg\" title=\"jobs1\" rel=\"ewicprettyPhoto[34369e23157008da]\"><img decoding=\"async\" title=\"jobs1\" class=\"ewic-wid-imgs\" src=\"http:\/\/www.altesrathaus-kaarst.de\/wordpress\/wp-content\/uploads\/2016\/09\/jobs1.jpg\" \/><p class=\"flex-caption\">jobs1<\/p><\/a><\/li><li class=\"ewic-slider\"><a href=\"http:\/\/www.altesrathaus-kaarst.de\/wordpress\/wp-content\/uploads\/2016\/09\/jobs2.jpg\" title=\"jobs2\" rel=\"ewicprettyPhoto[34369e23157008da]\"><img decoding=\"async\" title=\"jobs2\" class=\"ewic-wid-imgs\" src=\"http:\/\/www.altesrathaus-kaarst.de\/wordpress\/wp-content\/uploads\/2016\/09\/jobs2.jpg\" \/><p class=\"flex-caption\">jobs2<\/p><\/a><\/li><\/ul><script type=\"text\/javascript\">\r\n\tjQuery(document).ready(function($) {\r\n\r\n\t\t$(\"#preloader-34369e23157008da\").fadeOut(500, function () {\r\n\r\n\t\t\t$(\"#ewic-con-34369e23157008da\").addClass(\"ready_to_show\");\r\n\r\n\t\t\t$(\"a[rel^='ewicprettyPhoto[34369e23157008da]']\").ewcPhoto({\r\n\t\t\t\ttheme: \"ewc_default\",\r\n\t\t\t\tallow_expand: false,\r\n\t\t\t\tdeeplinking: false,\r\n\t\t\t\tslideshow:5000,\r\n\t\t\t\tautoplay_slideshow:true,\r\n\t\t\t\tsocial_tools:false\r\n\t\t\t});\r\n\r\n\t\t\t$(\".flexslider-34369e23157008da\").fadeIn(300);\r\n\r\n\t\t\t$(\"#ewic-con-34369e23157008da\").flexslider({\r\n\t\t\t\tanimation: \"slide\",\r\n\t\t\t\tanimationSpeed: 0,\r\n\t\t\t\tuseCSS: false,\r\n\t\t\t\teasing: \"easeInQuad\",\r\n\t\t\t\tdirection: \"horizontal\",\r\n\t\t\t\tslideshow: true,\r\n\t\t\t\tsmoothHeight: true,\r\n\t\t\t\tpauseOnHover: true,\r\n\t\t\t\tcontrolNav: false,\r\n\t\t\t\tprevText: \"\",\r\n\t\t\t\tnextText: \"\",\r\n\t\t\t\trtl: false,\r\n\t\t\t\tslideshowSpeed: 5000,\r\n\t\t\t\tstart: function(slider){\r\n\t\t\t\t\t$(\"#ewic-con-34369e23157008da\").find(\".flex-caption\").hide();\r\n\t\t\t\t\tvar curSlide = slider.find(\"li.flex-active-slide\");\r\n\t\t\t\t\t$(curSlide).find(\".flex-caption\").slideDown();\r\n\t\t\t\t},\r\n\t\t\t\tbefore: function(slider) {\r\n\t\t\t\t\t$(\"#ewic-con-34369e23157008da\").find(\".flex-caption\").slideUp();\r\n\t\t\t\t},\r\n\t\t\t\tafter: function(slider) {\r\n\t\t\t\t\tvar curSlide = slider.find(\"li.flex-active-slide\");\r\n\t\t\t\t\t$(curSlide).find(\".flex-caption\").slideDown();\r\n\t\t\t\t}\r\n\r\n\t\t\t});\r\n\r\n\t\t});\r\n\r\n\t});\r\n<\/script><\/div>\r\n<\/p>\n<p style=\"text-align: center;\">Du hast Erfahrung in der Gastronomie?\u00a0Du bist gerne Gastgeber,<\/p>\n<p style=\"text-align: center;\">hast immer ein L\u00e4cheln auf den Lippen und arbeitest gerne und flei\u00dfig?<\/p>\n<h4 style=\"text-align: center;\">Dann suchen wir genau Dich zur Unterst\u00fctzung unseres Teams!<\/h4>\n<p style=\"text-align: center;\">Bewirb Dich jetzt bei uns \u00fcber<\/p>\n<p style=\"text-align: center;\"><a href=\"http:\/\/www.altesrathaus-kaarst.de\/kontakt\/\" target=\"_self\"><strong>info@altesrathauskaarst.de<\/strong><\/a><\/p>\n<p style=\"text-align: center;\">\n","protected":false},"excerpt":{"rendered":"<p>Hast du Lust, in einem jungen und dynamischen Team mitzuwirken? Du hast Erfahrung in der Gastronomie?\u00a0Du bist gerne Gastgeber, hast immer ein L\u00e4cheln auf den Lippen und arbeitest gerne und flei\u00dfig? Dann suchen wir genau Dich zur Unterst\u00fctzung unseres Teams! Bewirb Dich jetzt bei uns \u00fcber info@altesrathauskaarst.de<\/p>\n","protected":false},"author":1,"featured_media":0,"parent":0,"menu_order":0,"comment_status":"closed","ping_status":"closed","template":"","meta":{"footnotes":""},"class_list":["post-16","page","type-page","status-publish","hentry"],"_links":{"self":[{"href":"http:\/\/www.altesrathaus-kaarst.de\/wordpress\/wp-json\/wp\/v2\/pages\/16","targetHints":{"allow":["GET"]}}],"collection":[{"href":"http:\/\/www.altesrathaus-kaarst.de\/wordpress\/wp-json\/wp\/v2\/pages"}],"about":[{"href":"http:\/\/www.altesrathaus-kaarst.de\/wordpress\/wp-json\/wp\/v2\/types\/page"}],"author":[{"embeddable":true,"href":"http:\/\/www.altesrathaus-kaarst.de\/wordpress\/wp-json\/wp\/v2\/users\/1"}],"replies":[{"embeddable":true,"href":"http:\/\/www.altesrathaus-kaarst.de\/wordpress\/wp-json\/wp\/v2\/comments?post=16"}],"version-history":[{"count":3,"href":"http:\/\/www.altesrathaus-kaarst.de\/wordpress\/wp-json\/wp\/v2\/pages\/16\/revisions"}],"predecessor-version":[{"id":344,"href":"http:\/\/www.altesrathaus-kaarst.de\/wordpress\/wp-json\/wp\/v2\/pages\/16\/revisions\/344"}],"wp:attachment":[{"href":"http:\/\/www.altesrathaus-kaarst.de\/wordpress\/wp-json\/wp\/v2\/media?parent=16"}],"curies":[{"name":"wp","href":"https:\/\/api.w.org\/{rel}","templated":true}]}}