{"id":2380,"date":"2025-05-18T10:53:02","date_gmt":"2025-05-18T08:53:02","guid":{"rendered":"http:\/\/www.altesrathaus-kaarst.de\/wordpress\/?page_id=2380"},"modified":"2025-05-18T11:57:42","modified_gmt":"2025-05-18T09:57:42","slug":"catering","status":"publish","type":"page","link":"http:\/\/www.altesrathaus-kaarst.de\/wordpress\/catering\/","title":{"rendered":"Catering"},"content":{"rendered":"<div id=\"pl-2380\"  class=\"panel-layout\" ><div id=\"pg-2380-0\"  class=\"panel-grid panel-no-style\" ><div id=\"pgc-2380-0-0\"  class=\"panel-grid-cell\" ><div id=\"panel-2380-0-0-0\" class=\"so-panel widget widget_sow-editor panel-first-child panel-last-child\" data-index=\"0\" ><div\n\t\t\t\n\t\t\tclass=\"so-widget-sow-editor so-widget-sow-editor-base\"\n\t\t\t\n\t\t>\n<div class=\"siteorigin-widget-tinymce textwidget\">\n\t<h3 style=\"text-align: center;\" data-start=\"153\" data-end=\"204\"><strong data-start=\"157\" data-end=\"204\">Catering im Alten Rathaus \u2013 Genuss mit Stil<\/strong><\/h3>\n<\/div>\n<\/div><\/div><\/div><\/div><div id=\"pg-2380-1\"  class=\"panel-grid panel-no-style\" ><div id=\"pgc-2380-1-0\"  class=\"panel-grid-cell\" ><div id=\"panel-2380-1-0-0\" class=\"so-panel widget widget_sow-editor panel-first-child panel-last-child\" data-index=\"1\" ><div\n\t\t\t\n\t\t\tclass=\"so-widget-sow-editor so-widget-sow-editor-base\"\n\t\t\t\n\t\t>\n<div class=\"siteorigin-widget-tinymce textwidget\">\n\t<p><img loading=\"lazy\" decoding=\"async\" class=\"alignnone size-full wp-image-2389\" src=\"http:\/\/www.altesrathaus-kaarst.de\/wordpress\/wp-content\/uploads\/2025\/05\/Catering6.jpeg\" alt=\"\" width=\"1024\" height=\"768\" srcset=\"http:\/\/www.altesrathaus-kaarst.de\/wordpress\/wp-content\/uploads\/2025\/05\/Catering6.jpeg 1024w, http:\/\/www.altesrathaus-kaarst.de\/wordpress\/wp-content\/uploads\/2025\/05\/Catering6-300x225.jpeg 300w, http:\/\/www.altesrathaus-kaarst.de\/wordpress\/wp-content\/uploads\/2025\/05\/Catering6-768x576.jpeg 768w, http:\/\/www.altesrathaus-kaarst.de\/wordpress\/wp-content\/uploads\/2025\/05\/Catering6-200x150.jpeg 200w, http:\/\/www.altesrathaus-kaarst.de\/wordpress\/wp-content\/uploads\/2025\/05\/Catering6-107x80.jpeg 107w\" sizes=\"auto, (max-width: 1024px) 100vw, 1024px\" \/><\/p>\n<\/div>\n<\/div><\/div><\/div><div id=\"pgc-2380-1-1\"  class=\"panel-grid-cell\" ><div id=\"panel-2380-1-1-0\" class=\"so-panel widget widget_sow-editor panel-first-child panel-last-child\" data-index=\"2\" ><div\n\t\t\t\n\t\t\tclass=\"so-widget-sow-editor so-widget-sow-editor-base\"\n\t\t\t\n\t\t>\n<div class=\"siteorigin-widget-tinymce textwidget\">\n\t<p><img loading=\"lazy\" decoding=\"async\" class=\"alignnone size-full wp-image-2388\" src=\"http:\/\/www.altesrathaus-kaarst.de\/wordpress\/wp-content\/uploads\/2025\/05\/Catering5.jpeg\" alt=\"\" width=\"1600\" height=\"1200\" srcset=\"http:\/\/www.altesrathaus-kaarst.de\/wordpress\/wp-content\/uploads\/2025\/05\/Catering5.jpeg 1600w, http:\/\/www.altesrathaus-kaarst.de\/wordpress\/wp-content\/uploads\/2025\/05\/Catering5-300x225.jpeg 300w, http:\/\/www.altesrathaus-kaarst.de\/wordpress\/wp-content\/uploads\/2025\/05\/Catering5-1024x768.jpeg 1024w, http:\/\/www.altesrathaus-kaarst.de\/wordpress\/wp-content\/uploads\/2025\/05\/Catering5-768x576.jpeg 768w, http:\/\/www.altesrathaus-kaarst.de\/wordpress\/wp-content\/uploads\/2025\/05\/Catering5-1536x1152.jpeg 1536w, http:\/\/www.altesrathaus-kaarst.de\/wordpress\/wp-content\/uploads\/2025\/05\/Catering5-200x150.jpeg 200w, http:\/\/www.altesrathaus-kaarst.de\/wordpress\/wp-content\/uploads\/2025\/05\/Catering5-107x80.jpeg 107w\" sizes=\"auto, (max-width: 1600px) 100vw, 1600px\" \/><\/p>\n<\/div>\n<\/div><\/div><\/div><div id=\"pgc-2380-1-2\"  class=\"panel-grid-cell\" ><div id=\"panel-2380-1-2-0\" class=\"so-panel widget widget_sow-editor panel-first-child panel-last-child\" data-index=\"3\" ><div\n\t\t\t\n\t\t\tclass=\"so-widget-sow-editor so-widget-sow-editor-base\"\n\t\t\t\n\t\t>\n<div class=\"siteorigin-widget-tinymce textwidget\">\n\t<p><img loading=\"lazy\" decoding=\"async\" class=\"alignnone size-full wp-image-2384\" src=\"http:\/\/www.altesrathaus-kaarst.de\/wordpress\/wp-content\/uploads\/2025\/05\/Catering1.jpeg\" alt=\"\" width=\"1600\" height=\"1200\" srcset=\"http:\/\/www.altesrathaus-kaarst.de\/wordpress\/wp-content\/uploads\/2025\/05\/Catering1.jpeg 1600w, http:\/\/www.altesrathaus-kaarst.de\/wordpress\/wp-content\/uploads\/2025\/05\/Catering1-300x225.jpeg 300w, http:\/\/www.altesrathaus-kaarst.de\/wordpress\/wp-content\/uploads\/2025\/05\/Catering1-1024x768.jpeg 1024w, http:\/\/www.altesrathaus-kaarst.de\/wordpress\/wp-content\/uploads\/2025\/05\/Catering1-768x576.jpeg 768w, http:\/\/www.altesrathaus-kaarst.de\/wordpress\/wp-content\/uploads\/2025\/05\/Catering1-1536x1152.jpeg 1536w, http:\/\/www.altesrathaus-kaarst.de\/wordpress\/wp-content\/uploads\/2025\/05\/Catering1-200x150.jpeg 200w, http:\/\/www.altesrathaus-kaarst.de\/wordpress\/wp-content\/uploads\/2025\/05\/Catering1-107x80.jpeg 107w\" sizes=\"auto, (max-width: 1600px) 100vw, 1600px\" \/><\/p>\n<\/div>\n<\/div><\/div><\/div><\/div><div id=\"pg-2380-2\"  class=\"panel-grid panel-no-style\" ><div id=\"pgc-2380-2-0\"  class=\"panel-grid-cell\" ><div id=\"panel-2380-2-0-0\" class=\"so-panel widget widget_sow-editor panel-first-child panel-last-child\" data-index=\"4\" ><div class=\"panel-widget-style panel-widget-style-for-2380-2-0-0\" ><div\n\t\t\t\n\t\t\tclass=\"so-widget-sow-editor so-widget-sow-editor-base\"\n\t\t\t\n\t\t>\n<div class=\"siteorigin-widget-tinymce textwidget\">\n\t<p style=\"text-align: center;\" data-start=\"206\" data-end=\"413\">Ob festliche Hochzeit, stilvolle Firmenfeier oder private Veranstaltung: Das Alte Rathaus Kaarst bietet nicht nur ein historisches Ambiente, sondern auch ein erstklassiges Catering, das kulinarische Ma\u00dfst\u00e4be setzt.<\/p>\n<p style=\"text-align: center;\" data-start=\"415\" data-end=\"732\">Unser erfahrenes K\u00fcchenteam kombiniert regionale Frische mit internationalem Flair \u2013 von feinen H\u00e4ppchen \u00fcber mehrg\u00e4ngige Men\u00fcs bis hin zu kreativen Buffets. Ob klassisch, vegetarisch, vegan oder ganz individuell nach Ihren W\u00fcnschen \u2013 wir gestalten Ihre Veranstaltung kulinarisch so einzigartig wie den Anlass selbst.<\/p>\n<h4 style=\"text-align: center;\" data-start=\"734\" data-end=\"757\"><strong data-start=\"739\" data-end=\"757\">Unser Angebot:<\/strong><\/h4>\n<h4 style=\"text-align: center;\" data-start=\"760\" data-end=\"803\"><strong data-start=\"760\" data-end=\"803\">Individuell abgestimmte Men\u00fcs &amp; Buffets<\/strong><\/h4>\n<h4 style=\"text-align: center;\" data-start=\"806\" data-end=\"841\"><strong data-start=\"806\" data-end=\"841\">Exklusive Fingerfood-Kreationen<\/strong><\/h4>\n<h4 style=\"text-align: center;\" data-start=\"887\" data-end=\"942\"><strong data-start=\"887\" data-end=\"942\">Getr\u00e4nkeservice auch mit ausgew\u00e4hlten Weinen &amp; Cocktails<\/strong><\/h4>\n<h4 style=\"text-align: center;\" data-start=\"945\" data-end=\"1009\"><strong data-start=\"945\" data-end=\"1009\">Komplette Betreuung durch unser professionelles Service-Team<\/strong><\/h4>\n<h4 style=\"text-align: center;\"><strong>Lieferung auch zu Ihnen nach Hause<\/strong><\/h4>\n<hr \/>\n<p style=\"text-align: center;\" data-start=\"1011\" data-end=\"1258\">Jede Veranstaltung im Alten Rathaus wird von uns mit Liebe zum Detail, hoher Qualit\u00e4t und absoluter Zuverl\u00e4ssigkeit begleitet. Gerne beraten wir Sie pers\u00f6nlich und erstellen ein ma\u00dfgeschneidertes Catering-Konzept, das perfekt zu Ihrem Event passt.<\/p>\n<\/div>\n<\/div><\/div><\/div><\/div><\/div><div id=\"pg-2380-3\"  class=\"panel-grid panel-no-style\" ><div id=\"pgc-2380-3-0\"  class=\"panel-grid-cell\" ><div id=\"panel-2380-3-0-0\" class=\"so-panel widget widget_sow-editor panel-first-child panel-last-child\" data-index=\"5\" ><div\n\t\t\t\n\t\t\tclass=\"so-widget-sow-editor so-widget-sow-editor-base\"\n\t\t\t\n\t\t>\n<div class=\"siteorigin-widget-tinymce textwidget\">\n\t<h3 style=\"text-align: center;\">Unsere Men\u00fcs<\/h3>\n<\/div>\n<\/div><\/div><\/div><\/div><div id=\"pg-2380-4\"  class=\"panel-grid panel-no-style\" ><div id=\"pgc-2380-4-0\"  class=\"panel-grid-cell\" ><div id=\"panel-2380-4-0-0\" class=\"so-panel widget widget_sow-editor panel-first-child panel-last-child\" data-index=\"6\" ><div\n\t\t\t\n\t\t\tclass=\"so-widget-sow-editor so-widget-sow-editor-base\"\n\t\t\t\n\t\t>\n<div class=\"siteorigin-widget-tinymce textwidget\">\n\t<p><b>Rustikales Buffet<\/b><\/p>\n<ul>\n<li>Brotauswahl mit verschiedenen Dips<\/li>\n<li>Frische Salate mit Dressing<\/li>\n<li>Rustikale Wurst- und Bratenplatte<\/li>\n<li>Platte mit kleinen Schnitzeln und Frikadellen<\/li>\n<li>K\u00e4seauswahl mit Trauben<\/li>\n<li>R\u00e4ucherfischplatte<\/li>\n<li>Krustenbraten mit Schmorkohl und Kartoffelgratin<\/li>\n<li>Geschnetzeltes von der Putenbrust mit Gem\u00fcseplatte und Buttersp\u00e4tzle<\/li>\n<li>Mousse au Chocolat<\/li>\n<li>Rote Gr\u00fctze<\/li>\n<li>Vanillesauce<\/li>\n<\/ul>\n<\/div>\n<\/div><\/div><\/div><div id=\"pgc-2380-4-1\"  class=\"panel-grid-cell\" ><div id=\"panel-2380-4-1-0\" class=\"so-panel widget widget_sow-editor panel-first-child panel-last-child\" data-index=\"7\" ><div\n\t\t\t\n\t\t\tclass=\"so-widget-sow-editor so-widget-sow-editor-base\"\n\t\t\t\n\t\t>\n<div class=\"siteorigin-widget-tinymce textwidget\">\n\t<p><b>Tapasbuffet<\/b><\/p>\n<ul>\n<li>Serranoschinken mit Melone<\/li>\n<li>Brot, Aioli, Mojo Rojo, Mojo Verde<\/li>\n<li>Oliven mit Monchegok\u00e4se<\/li>\n<li>Albondigas(Hackb\u00e4llchen in Tomatensauce)<\/li>\n<li>Papas Arrugadas(Kartoffeln in Salzkruste)<\/li>\n<li>Tortilla<\/li>\n<li>Champignons und Chorizo<\/li>\n<li>H\u00e4hnchen mit Knoblauch<\/li>\n<li>Garnelen<\/li>\n<li>Spanisches Ofengem\u00fcse<\/li>\n<li>Conejo Mallorquin(Geschmortes Kaninchen mit Gem\u00fcse und Knoblauch)<\/li>\n<li>Vanillecreme<\/li>\n<li>Frischer Obstsalat<\/li>\n<\/ul>\n<\/div>\n<\/div><\/div><\/div><div id=\"pgc-2380-4-2\"  class=\"panel-grid-cell\" ><div id=\"panel-2380-4-2-0\" class=\"so-panel widget widget_sow-editor panel-first-child panel-last-child\" data-index=\"8\" ><div\n\t\t\t\n\t\t\tclass=\"so-widget-sow-editor so-widget-sow-editor-base\"\n\t\t\t\n\t\t>\n<div class=\"siteorigin-widget-tinymce textwidget\">\n\t<p><b>Sommerbuffet<\/b><\/p>\n<ul>\n<li>Brotauswahl mit Butterspezialit\u00e4ten und Aioli<\/li>\n<li>Auswahl an frischen Antipasti<\/li>\n<li>Melone mit Serranoschinken<\/li>\n<li>R\u00e4ucherfischspezialit\u00e4ten<\/li>\n<li>Bruschetta<\/li>\n<li>Medaillons vom Schweinefilet in einer leichten Rahmsauce<\/li>\n<li>Ragout vom H\u00e4hnchen in Wei\u00dfweinsauce<\/li>\n<li>Sommerliches Buttergem\u00fcse<\/li>\n<li>Bunte Salatplatte<\/li>\n<li>Gebratene Drillinge<\/li>\n<li>Nudeln<\/li>\n<li>Frischer Obstsalat<\/li>\n<li>Vanillecreme<\/li>\n<\/ul>\n<\/div>\n<\/div><\/div><\/div><\/div><div id=\"pg-2380-5\"  class=\"panel-grid panel-no-style\" ><div id=\"pgc-2380-5-0\"  class=\"panel-grid-cell\" ><div id=\"panel-2380-5-0-0\" class=\"so-panel widget widget_sow-editor panel-first-child panel-last-child\" data-index=\"9\" ><div\n\t\t\t\n\t\t\tclass=\"so-widget-sow-editor so-widget-sow-editor-base\"\n\t\t\t\n\t\t>\n<div class=\"siteorigin-widget-tinymce textwidget\">\n\t<hr \/>\n<p>&nbsp;<\/p>\n<\/div>\n<\/div><\/div><\/div><\/div><div id=\"pg-2380-6\"  class=\"panel-grid panel-no-style\" ><div id=\"pgc-2380-6-0\"  class=\"panel-grid-cell\" ><div id=\"panel-2380-6-0-0\" class=\"so-panel widget widget_sow-editor panel-first-child panel-last-child\" data-index=\"10\" ><div\n\t\t\t\n\t\t\tclass=\"so-widget-sow-editor so-widget-sow-editor-base\"\n\t\t\t\n\t\t>\n<div class=\"siteorigin-widget-tinymce textwidget\">\n\t<p><b>Italienisches Buffet<\/b><\/p>\n<ul>\n<li>Vitello Tonnato<\/li>\n<li>Tomate Mozzarella<\/li>\n<li>Parmaschinken mit Melone<\/li>\n<li>Gemischte frische Antipasti<\/li>\n<li>Brotkorb mit Kr\u00e4uterbutter und Dips<\/li>\n<li>Saltimbocca vom H\u00e4hnchen mit Austernpilz-Lauchsauce, Lachsfilet in Zitronenbutter<\/li>\n<li>Buntes mediterranes Ofengem\u00fcse<\/li>\n<li>Rosmarinkartoffeln<\/li>\n<li>Gebratene Risoni<\/li>\n<li>Panna Cotta mit frischen Erdbeeren<\/li>\n<li>Italienische K\u00e4seauswahl mit Trauben<\/li>\n<\/ul>\n<\/div>\n<\/div><\/div><\/div><div id=\"pgc-2380-6-1\"  class=\"panel-grid-cell\" ><div id=\"panel-2380-6-1-0\" class=\"so-panel widget widget_sow-editor panel-first-child panel-last-child\" data-index=\"11\" ><div\n\t\t\t\n\t\t\tclass=\"so-widget-sow-editor so-widget-sow-editor-base\"\n\t\t\t\n\t\t>\n<div class=\"siteorigin-widget-tinymce textwidget\">\n\t<p><b>Fingerfoodbuffet<\/b><\/p>\n<ul>\n<li>Kleine Frikadellen und Schnitzel<\/li>\n<li>Tortillarolls mit R\u00e4ucherlachs<\/li>\n<li>Chickenfingers<\/li>\n<li>Fr\u00fchlingsrollen<\/li>\n<li>H\u00e4hnchen-Yakitori-Spie\u00dfe<\/li>\n<li>Knuspergarnelen<\/li>\n<li>K\u00e4se-Traubenspie\u00dfe<\/li>\n<li>Melonenspie\u00df mit Srranoschinken<\/li>\n<li>Laugenkonfekt mit Schinken und K\u00e4se gef\u00fcllt<\/li>\n<li>Tomate-Mozzarella-Spie\u00dfe<\/li>\n<\/ul>\n<\/div>\n<\/div><\/div><\/div><div id=\"pgc-2380-6-2\"  class=\"panel-grid-cell\" ><div id=\"panel-2380-6-2-0\" class=\"so-panel widget widget_sow-editor panel-first-child panel-last-child\" data-index=\"12\" ><div\n\t\t\t\n\t\t\tclass=\"so-widget-sow-editor so-widget-sow-editor-base\"\n\t\t\t\n\t\t>\n<div class=\"siteorigin-widget-tinymce textwidget\">\n\t<p><b>Bayerisches Buffet<\/b><\/p>\n<ul>\n<li>Laugengeb\u00e4ck mit Schmalz und Kr\u00e4uterbutter<\/li>\n<li>Obazda<\/li>\n<li>Deftige Wurst- und K\u00e4sespezialit\u00e4ten<\/li>\n<li>Radisalat<\/li>\n<li>Wei\u00dfwurst mit s\u00fc\u00dfem Senf<\/li>\n<li>Hausgebackener Fleischk\u00e4s auf Bayerisch Kraut<\/li>\n<li>Schweinsbraten mit Wei\u00dfbiersauce<\/li>\n<li>Krautfleckerl<\/li>\n<li>N\u00fcrnberger Rostbratw\u00fcrstchen auf Sauerkraut<\/li>\n<li>R\u00f6stkartoffeln<\/li>\n<li>Bayerisch Creme mit Roter Gr\u00fctze<\/li>\n<\/ul>\n<\/div>\n<\/div><\/div><\/div><\/div><div id=\"pg-2380-7\"  class=\"panel-grid panel-no-style\" ><div id=\"pgc-2380-7-0\"  class=\"panel-grid-cell\" ><div id=\"panel-2380-7-0-0\" class=\"so-panel widget widget_sow-editor panel-first-child panel-last-child\" data-index=\"13\" ><div\n\t\t\t\n\t\t\tclass=\"so-widget-sow-editor so-widget-sow-editor-base\"\n\t\t\t\n\t\t>\n<div class=\"siteorigin-widget-tinymce textwidget\">\n\t<hr \/>\n<p>&nbsp;<\/p>\n<\/div>\n<\/div><\/div><\/div><\/div><div id=\"pg-2380-8\"  class=\"panel-grid panel-no-style\" ><div id=\"pgc-2380-8-0\"  class=\"panel-grid-cell\" ><div id=\"panel-2380-8-0-0\" class=\"so-panel widget widget_sow-editor panel-first-child panel-last-child\" data-index=\"14\" ><div\n\t\t\t\n\t\t\tclass=\"so-widget-sow-editor so-widget-sow-editor-base\"\n\t\t\t\n\t\t>\n<div class=\"siteorigin-widget-tinymce textwidget\">\n\t<p><b>Buffet \u201eKaarst\"<\/b><\/p>\n<ul>\n<li>Auswahl an Antipasti<\/li>\n<li>Ger\u00e4ucherter Lachs mit Schnittlauch-Creme fraiche<\/li>\n<li>Serranoschinken auf Melonensalat<\/li>\n<li>Wassermelone mit Schafsk\u00e4se<\/li>\n<li>Vitello Tonato<\/li>\n<li>Platte mit italienischem Coppa, Salami und K\u00e4se<\/li>\n<li>Brotauswahl mit Butter und Dips<\/li>\n<li>Kalbsragout in Tr\u00fcffelsauce<\/li>\n<li>Filetmedaillons vom Ibericoschwein<\/li>\n<li>Gebratener bunter Spargel<\/li>\n<li>Ger\u00f6steter Blumenkohl<\/li>\n<li>Rosmarinkartoffeln<\/li>\n<li>Butterrisoni<\/li>\n<li>Wei\u00dfe Schokoladencreme<\/li>\n<li>Beerensauce<\/li>\n<li>Frische Beerenfr\u00fcchte mit Vanillesauce<\/li>\n<\/ul>\n<\/div>\n<\/div><\/div><\/div><div id=\"pgc-2380-8-1\"  class=\"panel-grid-cell panel-grid-cell-empty\" ><\/div><div id=\"pgc-2380-8-2\"  class=\"panel-grid-cell\" ><div id=\"panel-2380-8-2-0\" class=\"so-panel widget widget_sow-editor panel-first-child panel-last-child\" data-index=\"15\" ><div\n\t\t\t\n\t\t\tclass=\"so-widget-sow-editor so-widget-sow-editor-base\"\n\t\t\t\n\t\t>\n<div class=\"siteorigin-widget-tinymce textwidget\">\n\t<p><img loading=\"lazy\" decoding=\"async\" class=\"alignnone size-full wp-image-2399\" src=\"http:\/\/www.altesrathaus-kaarst.de\/wordpress\/wp-content\/uploads\/2025\/05\/Catering_Highlights.png\" alt=\"\" width=\"643\" height=\"642\" srcset=\"http:\/\/www.altesrathaus-kaarst.de\/wordpress\/wp-content\/uploads\/2025\/05\/Catering_Highlights.png 643w, http:\/\/www.altesrathaus-kaarst.de\/wordpress\/wp-content\/uploads\/2025\/05\/Catering_Highlights-300x300.png 300w, http:\/\/www.altesrathaus-kaarst.de\/wordpress\/wp-content\/uploads\/2025\/05\/Catering_Highlights-150x150.png 150w, http:\/\/www.altesrathaus-kaarst.de\/wordpress\/wp-content\/uploads\/2025\/05\/Catering_Highlights-200x200.png 200w, http:\/\/www.altesrathaus-kaarst.de\/wordpress\/wp-content\/uploads\/2025\/05\/Catering_Highlights-80x80.png 80w\" sizes=\"auto, (max-width: 643px) 100vw, 643px\" \/><\/p>\n<\/div>\n<\/div><\/div><\/div><\/div><div id=\"pg-2380-9\"  class=\"panel-grid panel-no-style\" ><div id=\"pgc-2380-9-0\"  class=\"panel-grid-cell\" ><div id=\"panel-2380-9-0-0\" class=\"so-panel widget widget_sow-editor panel-first-child panel-last-child\" data-index=\"16\" ><div\n\t\t\t\n\t\t\tclass=\"so-widget-sow-editor so-widget-sow-editor-base\"\n\t\t\t\n\t\t>\n<div class=\"siteorigin-widget-tinymce textwidget\">\n\t<h3 style=\"text-align: center;\">Grillbuffet<\/h3>\n<\/div>\n<\/div><\/div><\/div><\/div><div id=\"pg-2380-10\"  class=\"panel-grid panel-no-style\" ><div id=\"pgc-2380-10-0\"  class=\"panel-grid-cell\" ><div id=\"panel-2380-10-0-0\" class=\"so-panel widget widget_sow-editor panel-first-child panel-last-child\" data-index=\"17\" ><div\n\t\t\t\n\t\t\tclass=\"so-widget-sow-editor so-widget-sow-editor-base\"\n\t\t\t\n\t\t>\n<div class=\"siteorigin-widget-tinymce textwidget\">\n\t<p><img loading=\"lazy\" decoding=\"async\" class=\"alignnone size-full wp-image-2388\" src=\"http:\/\/www.altesrathaus-kaarst.de\/wordpress\/wp-content\/uploads\/2025\/05\/Catering5.jpeg\" alt=\"\" width=\"1600\" height=\"1200\" srcset=\"http:\/\/www.altesrathaus-kaarst.de\/wordpress\/wp-content\/uploads\/2025\/05\/Catering5.jpeg 1600w, http:\/\/www.altesrathaus-kaarst.de\/wordpress\/wp-content\/uploads\/2025\/05\/Catering5-300x225.jpeg 300w, http:\/\/www.altesrathaus-kaarst.de\/wordpress\/wp-content\/uploads\/2025\/05\/Catering5-1024x768.jpeg 1024w, http:\/\/www.altesrathaus-kaarst.de\/wordpress\/wp-content\/uploads\/2025\/05\/Catering5-768x576.jpeg 768w, http:\/\/www.altesrathaus-kaarst.de\/wordpress\/wp-content\/uploads\/2025\/05\/Catering5-1536x1152.jpeg 1536w, http:\/\/www.altesrathaus-kaarst.de\/wordpress\/wp-content\/uploads\/2025\/05\/Catering5-200x150.jpeg 200w, http:\/\/www.altesrathaus-kaarst.de\/wordpress\/wp-content\/uploads\/2025\/05\/Catering5-107x80.jpeg 107w\" sizes=\"auto, (max-width: 1600px) 100vw, 1600px\" \/><\/p>\n<\/div>\n<\/div><\/div><\/div><div id=\"pgc-2380-10-1\"  class=\"panel-grid-cell\" ><div id=\"panel-2380-10-1-0\" class=\"so-panel widget widget_sow-editor panel-first-child panel-last-child\" data-index=\"18\" ><div\n\t\t\t\n\t\t\tclass=\"so-widget-sow-editor so-widget-sow-editor-base\"\n\t\t\t\n\t\t>\n<div class=\"siteorigin-widget-tinymce textwidget\">\n\t<p><img loading=\"lazy\" decoding=\"async\" class=\"alignnone size-full wp-image-2387\" src=\"http:\/\/www.altesrathaus-kaarst.de\/wordpress\/wp-content\/uploads\/2025\/05\/Catering4.jpeg\" alt=\"\" width=\"1600\" height=\"1200\" srcset=\"http:\/\/www.altesrathaus-kaarst.de\/wordpress\/wp-content\/uploads\/2025\/05\/Catering4.jpeg 1600w, http:\/\/www.altesrathaus-kaarst.de\/wordpress\/wp-content\/uploads\/2025\/05\/Catering4-300x225.jpeg 300w, http:\/\/www.altesrathaus-kaarst.de\/wordpress\/wp-content\/uploads\/2025\/05\/Catering4-1024x768.jpeg 1024w, http:\/\/www.altesrathaus-kaarst.de\/wordpress\/wp-content\/uploads\/2025\/05\/Catering4-768x576.jpeg 768w, http:\/\/www.altesrathaus-kaarst.de\/wordpress\/wp-content\/uploads\/2025\/05\/Catering4-1536x1152.jpeg 1536w, http:\/\/www.altesrathaus-kaarst.de\/wordpress\/wp-content\/uploads\/2025\/05\/Catering4-200x150.jpeg 200w, http:\/\/www.altesrathaus-kaarst.de\/wordpress\/wp-content\/uploads\/2025\/05\/Catering4-107x80.jpeg 107w\" sizes=\"auto, (max-width: 1600px) 100vw, 1600px\" \/><\/p>\n<\/div>\n<\/div><\/div><\/div><div id=\"pgc-2380-10-2\"  class=\"panel-grid-cell\" ><div id=\"panel-2380-10-2-0\" class=\"so-panel widget widget_sow-editor panel-first-child panel-last-child\" data-index=\"19\" ><div\n\t\t\t\n\t\t\tclass=\"so-widget-sow-editor so-widget-sow-editor-base\"\n\t\t\t\n\t\t>\n<div class=\"siteorigin-widget-tinymce textwidget\">\n\t<p><img loading=\"lazy\" decoding=\"async\" class=\"alignnone size-full wp-image-2416\" src=\"http:\/\/www.altesrathaus-kaarst.de\/wordpress\/wp-content\/uploads\/2025\/05\/Grilldetail.png\" alt=\"\" width=\"1600\" height=\"1200\" srcset=\"http:\/\/www.altesrathaus-kaarst.de\/wordpress\/wp-content\/uploads\/2025\/05\/Grilldetail.png 1600w, http:\/\/www.altesrathaus-kaarst.de\/wordpress\/wp-content\/uploads\/2025\/05\/Grilldetail-300x225.png 300w, http:\/\/www.altesrathaus-kaarst.de\/wordpress\/wp-content\/uploads\/2025\/05\/Grilldetail-1024x768.png 1024w, http:\/\/www.altesrathaus-kaarst.de\/wordpress\/wp-content\/uploads\/2025\/05\/Grilldetail-768x576.png 768w, http:\/\/www.altesrathaus-kaarst.de\/wordpress\/wp-content\/uploads\/2025\/05\/Grilldetail-1536x1152.png 1536w, http:\/\/www.altesrathaus-kaarst.de\/wordpress\/wp-content\/uploads\/2025\/05\/Grilldetail-200x150.png 200w, http:\/\/www.altesrathaus-kaarst.de\/wordpress\/wp-content\/uploads\/2025\/05\/Grilldetail-107x80.png 107w\" sizes=\"auto, (max-width: 1600px) 100vw, 1600px\" \/><\/p>\n<\/div>\n<\/div><\/div><\/div><\/div><div id=\"pg-2380-11\"  class=\"panel-grid panel-no-style\" ><div id=\"pgc-2380-11-0\"  class=\"panel-grid-cell\" ><div id=\"panel-2380-11-0-0\" class=\"so-panel widget widget_sow-editor panel-first-child panel-last-child\" data-index=\"20\" ><div\n\t\t\t\n\t\t\tclass=\"so-widget-sow-editor so-widget-sow-editor-base\"\n\t\t\t\n\t\t>\n<div class=\"siteorigin-widget-tinymce textwidget\">\n\t<p><strong>Brot<\/strong><\/p>\n<p>Ciabattabaguette 3 verschiedene Sorten<\/p>\n<\/div>\n<\/div><\/div><\/div><div id=\"pgc-2380-11-1\"  class=\"panel-grid-cell\" ><div id=\"panel-2380-11-1-0\" class=\"so-panel widget widget_sow-editor panel-first-child panel-last-child\" data-index=\"21\" ><div\n\t\t\t\n\t\t\tclass=\"so-widget-sow-editor so-widget-sow-editor-base\"\n\t\t\t\n\t\t>\n<div class=\"siteorigin-widget-tinymce textwidget\">\n\t<p><strong>Kr\u00e4uterbutter<\/strong><\/p>\n<ul>\n<li>Kr\u00e4uterbutter mediterran<\/li>\n<li>Aiolli<\/li>\n<li>Zaziki<\/li>\n<li>6 Verschiedene Fleischsaucen<\/li>\n<\/ul>\n<\/div>\n<\/div><\/div><\/div><div id=\"pgc-2380-11-2\"  class=\"panel-grid-cell\" ><div id=\"panel-2380-11-2-0\" class=\"so-panel widget widget_sow-editor panel-first-child panel-last-child\" data-index=\"22\" ><div\n\t\t\t\n\t\t\tclass=\"so-widget-sow-editor so-widget-sow-editor-base\"\n\t\t\t\n\t\t>\n<div class=\"siteorigin-widget-tinymce textwidget\">\n\t<p><strong>Salate<\/strong><\/p>\n<ul>\n<li>Tomate Mozzarella<\/li>\n<li>Nudelsalat mediterran<\/li>\n<li>Tomaten\/Schafsk\u00e4sesalat<\/li>\n<\/ul>\n<\/div>\n<\/div><\/div><\/div><\/div><div id=\"pg-2380-12\"  class=\"panel-grid panel-no-style\" ><div id=\"pgc-2380-12-0\"  class=\"panel-grid-cell\" ><div id=\"panel-2380-12-0-0\" class=\"so-panel widget widget_sow-editor panel-first-child panel-last-child\" data-index=\"23\" ><div\n\t\t\t\n\t\t\tclass=\"so-widget-sow-editor so-widget-sow-editor-base\"\n\t\t\t\n\t\t>\n<div class=\"siteorigin-widget-tinymce textwidget\">\n\t<p><strong>Antipasti<\/strong><\/p>\n<ul>\n<li>Eingelegte Peperoni<\/li>\n<li>Gef\u00fcllte Mini Paprika<\/li>\n<li>Eingelegte Zwiebeln<\/li>\n<li>Oliven gr\u00fcn<\/li>\n<li>Oliven dunkel zwei verschiedene Sorten<\/li>\n<\/ul>\n<\/div>\n<\/div><\/div><\/div><div id=\"pgc-2380-12-1\"  class=\"panel-grid-cell\" ><div id=\"panel-2380-12-1-0\" class=\"so-panel widget widget_sow-editor panel-first-child panel-last-child\" data-index=\"24\" ><div\n\t\t\t\n\t\t\tclass=\"so-widget-sow-editor so-widget-sow-editor-base\"\n\t\t\t\n\t\t>\n<div class=\"siteorigin-widget-tinymce textwidget\">\n\t<p><strong>Beilage<\/strong><\/p>\n<ul>\n<li>Kartoffelgratin<\/li>\n<li>Maiskolben<\/li>\n<li>Ziegenk\u00e4se Schiffchen<\/li>\n<\/ul>\n<\/div>\n<\/div><\/div><\/div><div id=\"pgc-2380-12-2\"  class=\"panel-grid-cell\" ><div id=\"panel-2380-12-2-0\" class=\"so-panel widget widget_sow-editor panel-first-child panel-last-child\" data-index=\"25\" ><div\n\t\t\t\n\t\t\tclass=\"so-widget-sow-editor so-widget-sow-editor-base\"\n\t\t\t\n\t\t>\n<div class=\"siteorigin-widget-tinymce textwidget\">\n\t<p><strong>Fleisch<\/strong><\/p>\n<ul>\n<li>Pute in zwei verschiedenen Marinaden<\/li>\n<li>Kotelett\u2018s<\/li>\n<li>Krakauer<\/li>\n<li>Bratwurst<\/li>\n<\/ul>\n<\/div>\n<\/div><\/div><\/div><\/div><\/div>","protected":false},"excerpt":{"rendered":"<p>Catering im Alten Rathaus \u2013 Genuss mit Stil<\/p>\n","protected":false},"author":1,"featured_media":0,"parent":0,"menu_order":0,"comment_status":"closed","ping_status":"closed","template":"","meta":{"footnotes":""},"class_list":["post-2380","page","type-page","status-publish","hentry"],"_links":{"self":[{"href":"http:\/\/www.altesrathaus-kaarst.de\/wordpress\/wp-json\/wp\/v2\/pages\/2380","targetHints":{"allow":["GET"]}}],"collection":[{"href":"http:\/\/www.altesrathaus-kaarst.de\/wordpress\/wp-json\/wp\/v2\/pages"}],"about":[{"href":"http:\/\/www.altesrathaus-kaarst.de\/wordpress\/wp-json\/wp\/v2\/types\/page"}],"author":[{"embeddable":true,"href":"http:\/\/www.altesrathaus-kaarst.de\/wordpress\/wp-json\/wp\/v2\/users\/1"}],"replies":[{"embeddable":true,"href":"http:\/\/www.altesrathaus-kaarst.de\/wordpress\/wp-json\/wp\/v2\/comments?post=2380"}],"version-history":[{"count":23,"href":"http:\/\/www.altesrathaus-kaarst.de\/wordpress\/wp-json\/wp\/v2\/pages\/2380\/revisions"}],"predecessor-version":[{"id":2417,"href":"http:\/\/www.altesrathaus-kaarst.de\/wordpress\/wp-json\/wp\/v2\/pages\/2380\/revisions\/2417"}],"wp:attachment":[{"href":"http:\/\/www.altesrathaus-kaarst.de\/wordpress\/wp-json\/wp\/v2\/media?parent=2380"}],"curies":[{"name":"wp","href":"https:\/\/api.w.org\/{rel}","templated":true}]}}