{"id":475,"date":"2017-02-04T11:09:56","date_gmt":"2017-02-04T10:09:56","guid":{"rendered":"http:\/\/www.altesrathaus-kaarst.de\/wordpress\/?page_id=475"},"modified":"2021-06-22T19:42:51","modified_gmt":"2021-06-22T17:42:51","slug":"speisen-getraenke","status":"publish","type":"page","link":"http:\/\/www.altesrathaus-kaarst.de\/wordpress\/speisen-getraenke\/","title":{"rendered":"Speisen &#038; Getr\u00e4nke"},"content":{"rendered":"<div id=\"pl-475\"  class=\"panel-layout\" ><div id=\"pg-475-0\"  class=\"panel-grid panel-no-style\" ><div id=\"pgc-475-0-0\"  class=\"panel-grid-cell\" ><div id=\"panel-475-0-0-0\" class=\"so-panel widget widget_sow-editor panel-first-child panel-last-child\" data-index=\"0\" ><div\n\t\t\t\n\t\t\tclass=\"so-widget-sow-editor so-widget-sow-editor-base\"\n\t\t\t\n\t\t><h3 class=\"widget-title\">Erlesene Speise- und Getr\u00e4nkeauswahl<\/h3>\n<div class=\"siteorigin-widget-tinymce textwidget\">\n\t<p style=\"text-align: left;\"><strong>Unser Restaurant im Herzen von Kaarst bietet Ihnen kulinarische Highlights und Gen\u00fcsse, eine gem\u00fctliche Bar, sowie\u00a0eine\u00a0wundervolle Au\u00dfenterasse.<\/strong><\/p>\n<p style=\"text-align: left;\">Unser gro\u00dfz\u00fcgiges Restaurant im Herzen von Kaarst bietet Ihnen R\u00e4umlichkeiten f\u00fcr jeden Anlass. Wir m\u00f6chten unsere G\u00e4ste in gem\u00fctlichem Ambiente\u00a0oder auf unserer gro\u00dfen Au\u00dfenterrasse begr\u00fc\u00dfen. Das\u00a0Restaurant Altes Rathaus\u00a0ist f\u00fcr jeden Anlass,\u00a0jeden Veranstaltungstyp und jedes Budget geeignet.<\/p>\n<\/div>\n<\/div><\/div><\/div><div id=\"pgc-475-0-1\"  class=\"panel-grid-cell\" ><div id=\"panel-475-0-1-0\" class=\"so-panel widget widget_sow-editor panel-first-child panel-last-child\" data-index=\"1\" ><div\n\t\t\t\n\t\t\tclass=\"so-widget-sow-editor so-widget-sow-editor-base\"\n\t\t\t\n\t\t><h3 class=\"widget-title\">Unser Angebot<\/h3>\n<div class=\"siteorigin-widget-tinymce textwidget\">\n\t<p><strong>Nehmen Sie sich einen Moment Zeit und schauen Sie sich unsere vielf\u00e4ltige Auswahl an Speisen und Getr\u00e4nken an.<\/strong><\/p>\n<\/div>\n<\/div><\/div><\/div><\/div><div id=\"pg-475-1\"  class=\"panel-grid panel-no-style\" ><div id=\"pgc-475-1-0\"  class=\"panel-grid-cell\" ><div id=\"panel-475-1-0-0\" class=\"so-panel widget widget_sow-editor panel-first-child panel-last-child\" data-index=\"2\" ><div\n\t\t\t\n\t\t\tclass=\"so-widget-sow-editor so-widget-sow-editor-base\"\n\t\t\t\n\t\t>\n<div class=\"siteorigin-widget-tinymce textwidget\">\n\t<p style=\"text-align: left;\"><img loading=\"lazy\" decoding=\"async\" class=\"alignleft wp-image-478 size-full\" src=\"http:\/\/www.altesrathaus-kaarst.de\/wordpress\/wp-content\/uploads\/2017\/02\/Montage.jpg\" width=\"660\" height=\"275\" srcset=\"http:\/\/www.altesrathaus-kaarst.de\/wordpress\/wp-content\/uploads\/2017\/02\/Montage.jpg 660w, http:\/\/www.altesrathaus-kaarst.de\/wordpress\/wp-content\/uploads\/2017\/02\/Montage-300x125.jpg 300w, http:\/\/www.altesrathaus-kaarst.de\/wordpress\/wp-content\/uploads\/2017\/02\/Montage-192x80.jpg 192w\" sizes=\"auto, (max-width: 660px) 100vw, 660px\" \/><\/p>\n<\/div>\n<\/div><\/div><\/div><div id=\"pgc-475-1-1\"  class=\"panel-grid-cell\" ><div id=\"panel-475-1-1-0\" class=\"so-panel widget widget_sow-editor panel-first-child panel-last-child\" data-index=\"3\" ><div\n\t\t\t\n\t\t\tclass=\"so-widget-sow-editor so-widget-sow-editor-base\"\n\t\t\t\n\t\t>\n<div class=\"siteorigin-widget-tinymce textwidget\">\n\t<p><a href=\"http:\/\/www.altesrathaus-kaarst.de\/getraenkekarte\/Altes_Rathaus_Kaarst_Getraenke.pdf\" target=\"_blank\" rel=\"noopener\"><img loading=\"lazy\" decoding=\"async\" class=\"alignnone wp-image-499\" src=\"http:\/\/www.altesrathaus-kaarst.de\/wordpress\/wp-content\/uploads\/2017\/02\/pdf-dateiformat-symbol_318-45394.jpg\" alt=\"\" width=\"39\" height=\"39\" srcset=\"http:\/\/www.altesrathaus-kaarst.de\/wordpress\/wp-content\/uploads\/2017\/02\/pdf-dateiformat-symbol_318-45394.jpg 338w, http:\/\/www.altesrathaus-kaarst.de\/wordpress\/wp-content\/uploads\/2017\/02\/pdf-dateiformat-symbol_318-45394-150x150.jpg 150w, http:\/\/www.altesrathaus-kaarst.de\/wordpress\/wp-content\/uploads\/2017\/02\/pdf-dateiformat-symbol_318-45394-300x300.jpg 300w, http:\/\/www.altesrathaus-kaarst.de\/wordpress\/wp-content\/uploads\/2017\/02\/pdf-dateiformat-symbol_318-45394-80x80.jpg 80w\" sizes=\"auto, (max-width: 39px) 100vw, 39px\" \/><\/a>\u00a0Klicken Sie\u00a0<a href=\"http:\/\/www.altesrathaus-kaarst.de\/getraenkekarte\/Altes_Rathaus_Kaarst_Getraenke.pdf\" target=\"_blank\" rel=\"noopener\"><strong>hier<\/strong><\/a>\u00a0um sich unsere aktuelle<a href=\"http:\/\/www.altesrathaus-kaarst.de\/getraenkekarte\/Altes_Rathaus_Kaarst_Getraenke.pdf\" target=\"_blank\" rel=\"noopener\"><strong> Getr\u00e4nkekarte<\/strong><\/a>\u00a0als PDF Datei herunterzuladen.<\/p>\n<p><a href=\"http:\/\/www.altesrathaus-kaarst.de\/speisekarte\/Altes_Rathaus_Kaarst_Speisen.pdf\" target=\"_blank\" rel=\"noopener\"><img loading=\"lazy\" decoding=\"async\" class=\"alignnone wp-image-499\" src=\"http:\/\/www.altesrathaus-kaarst.de\/wordpress\/wp-content\/uploads\/2017\/02\/pdf-dateiformat-symbol_318-45394.jpg\" alt=\"\" width=\"39\" height=\"39\" srcset=\"http:\/\/www.altesrathaus-kaarst.de\/wordpress\/wp-content\/uploads\/2017\/02\/pdf-dateiformat-symbol_318-45394.jpg 338w, http:\/\/www.altesrathaus-kaarst.de\/wordpress\/wp-content\/uploads\/2017\/02\/pdf-dateiformat-symbol_318-45394-150x150.jpg 150w, http:\/\/www.altesrathaus-kaarst.de\/wordpress\/wp-content\/uploads\/2017\/02\/pdf-dateiformat-symbol_318-45394-300x300.jpg 300w, http:\/\/www.altesrathaus-kaarst.de\/wordpress\/wp-content\/uploads\/2017\/02\/pdf-dateiformat-symbol_318-45394-80x80.jpg 80w\" sizes=\"auto, (max-width: 39px) 100vw, 39px\" \/><\/a>\u00a0Klicken Sie\u00a0<a href=\"http:\/\/www.altesrathaus-kaarst.de\/speisekarte\/Altes_Rathaus_Kaarst_Speisen.pdf\" target=\"_blank\" rel=\"noopener\"><strong>hier<\/strong><\/a>\u00a0um sich unsere aktuelle<a href=\"http:\/\/www.altesrathaus-kaarst.de\/speisekarte\/Altes_Rathaus_Kaarst_Speisen.pdf\" target=\"_blank\" rel=\"noopener\"><strong> Speisekarte<\/strong><\/a>\u00a0als PDF Datei herunterzuladen.<\/p>\n<hr \/>\n<h6><a href=\"https:\/\/get.adobe.com\/de\/reader\/\" target=\"_blank\" rel=\"noopener\">Sie haben keinen PDF-Reader?<\/a>\u00a0<a href=\"https:\/\/get.adobe.com\/de\/reader\/\" target=\"_blank\" rel=\"noopener\"><img loading=\"lazy\" decoding=\"async\" class=\"alignnone wp-image-497\" src=\"http:\/\/www.altesrathaus-kaarst.de\/wordpress\/wp-content\/uploads\/2017\/02\/get_adobe_reader.png\" width=\"165\" height=\"40\" srcset=\"http:\/\/www.altesrathaus-kaarst.de\/wordpress\/wp-content\/uploads\/2017\/02\/get_adobe_reader.png 2419w, http:\/\/www.altesrathaus-kaarst.de\/wordpress\/wp-content\/uploads\/2017\/02\/get_adobe_reader-300x73.png 300w, http:\/\/www.altesrathaus-kaarst.de\/wordpress\/wp-content\/uploads\/2017\/02\/get_adobe_reader-768x186.png 768w, http:\/\/www.altesrathaus-kaarst.de\/wordpress\/wp-content\/uploads\/2017\/02\/get_adobe_reader-1024x248.png 1024w\" sizes=\"auto, (max-width: 165px) 100vw, 165px\" \/><\/a><\/h6>\n<\/div>\n<\/div><\/div><\/div><\/div><\/div>","protected":false},"excerpt":{"rendered":"<p>Unser Restaurant im Herzen von Kaarst bietet Ihnen kulinarische Highlights und Gen\u00fcsse, eine gem\u00fctliche Bar, sowie\u00a0eine\u00a0wundervolle Au\u00dfenterasse.Unser gro\u00dfz\u00fcgiges Restaurant im Herzen von Kaarst bietet Ihnen R\u00e4umlichkeiten f\u00fcr jeden Anlass. Wir m\u00f6chten unsere G\u00e4ste in gem\u00fctlichem Ambiente\u00a0oder auf unserer gro\u00dfen Au\u00dfenterrasse begr\u00fc\u00dfen. Das\u00a0Restaurant Altes Rathaus\u00a0ist f\u00fcr jeden Anlass,\u00a0jeden Veranstaltungstyp und jedes [&hellip;]<\/p>\n","protected":false},"author":1,"featured_media":0,"parent":0,"menu_order":0,"comment_status":"closed","ping_status":"closed","template":"","meta":{"footnotes":""},"class_list":["post-475","page","type-page","status-publish","hentry"],"_links":{"self":[{"href":"http:\/\/www.altesrathaus-kaarst.de\/wordpress\/wp-json\/wp\/v2\/pages\/475","targetHints":{"allow":["GET"]}}],"collection":[{"href":"http:\/\/www.altesrathaus-kaarst.de\/wordpress\/wp-json\/wp\/v2\/pages"}],"about":[{"href":"http:\/\/www.altesrathaus-kaarst.de\/wordpress\/wp-json\/wp\/v2\/types\/page"}],"author":[{"embeddable":true,"href":"http:\/\/www.altesrathaus-kaarst.de\/wordpress\/wp-json\/wp\/v2\/users\/1"}],"replies":[{"embeddable":true,"href":"http:\/\/www.altesrathaus-kaarst.de\/wordpress\/wp-json\/wp\/v2\/comments?post=475"}],"version-history":[{"count":33,"href":"http:\/\/www.altesrathaus-kaarst.de\/wordpress\/wp-json\/wp\/v2\/pages\/475\/revisions"}],"predecessor-version":[{"id":1780,"href":"http:\/\/www.altesrathaus-kaarst.de\/wordpress\/wp-json\/wp\/v2\/pages\/475\/revisions\/1780"}],"wp:attachment":[{"href":"http:\/\/www.altesrathaus-kaarst.de\/wordpress\/wp-json\/wp\/v2\/media?parent=475"}],"curies":[{"name":"wp","href":"https:\/\/api.w.org\/{rel}","templated":true}]}}