{"id":7,"date":"2016-09-22T22:32:54","date_gmt":"2016-09-22T20:32:54","guid":{"rendered":"http:\/\/www.altesrathaus-kaarst.de\/wordpress\/?page_id=7"},"modified":"2019-01-05T19:31:35","modified_gmt":"2019-01-05T18:31:35","slug":"foodstop","status":"publish","type":"page","link":"http:\/\/www.altesrathaus-kaarst.de\/wordpress\/foodstop\/","title":{"rendered":"Foodstop Flammkuchen"},"content":{"rendered":"<div id=\"pl-7\"  class=\"panel-layout\" ><div id=\"pg-7-0\"  class=\"panel-grid panel-no-style\" ><div id=\"pgc-7-0-0\"  class=\"panel-grid-cell\" ><div id=\"panel-7-0-0-0\" class=\"so-panel widget widget_sow-editor panel-first-child panel-last-child\" data-index=\"0\" ><div\n\t\t\t\n\t\t\tclass=\"so-widget-sow-editor so-widget-sow-editor-base\"\n\t\t\t\n\t\t>\n<div class=\"siteorigin-widget-tinymce textwidget\">\n\t<p><strong>Warum Flammkuchen? Auf den Bauernh\u00f6fen im franz\u00f6sischen Elsass wurde vor\u00a0100 Jahren im hauseigenen Ofen das Brot gemacht.<\/strong><\/p>\n<p>Um die Hitze des Ofens zu pr\u00fcfen, wurden zuvor Teigst\u00fccke\u00a0ausgerollt und bei noch loderndem Feuer gebacken. Eines\u00a0Tages kam man auf die Idee, die ausgerollten Teigst\u00fccke mit\u00a0Cr\u00e8me, Zwiebeln und Speck zu belegen. Entstanden war eine\u00a0Delikatesse, la \u201eTarte Flamb\u00e9e\u201c \u2013 der Flammkuchen.<\/p>\n<p>Noch heute ist es im Elsass Tradition, den Flammkuchen in\u00a0geselliger und fr\u00f6hlicher Runde zu genie\u00dfen. In 6 bis 8 St\u00fccke zerteilt, wird er auf dem Holzbrett serviert. Jeder am Tisch rollt\u00a0sich sein St\u00fcck zusammen und verspeist es aus der Hand \u2013\u00a0bon App\u00e9tit!<\/p>\n<hr \/>\n<h5><a href=\"http:\/\/www.altesrathaus-kaarst.de\/wordpress\/wp-content\/uploads\/2016\/09\/Altes_Rathaus_Foodstop_Flammkuchen.pdf\">Download unseres Foodstop-Flyers<\/a><\/h5>\n<\/div>\n<\/div><\/div><\/div><div id=\"pgc-7-0-1\"  class=\"panel-grid-cell\" ><div id=\"panel-7-0-1-0\" class=\"so-panel widget widget_sow-editor panel-first-child panel-last-child\" data-index=\"1\" ><div\n\t\t\t\n\t\t\tclass=\"so-widget-sow-editor so-widget-sow-editor-base\"\n\t\t\t\n\t\t>\n<div class=\"siteorigin-widget-tinymce textwidget\">\n\t<p><a href=\"http:\/\/www.altesrathaus-kaarst.de\/wordpress\/wp-content\/uploads\/2018\/02\/IMG_0930.jpg\" target=\"_blank\" rel=\"noopener noreferrer\"><img loading=\"lazy\" decoding=\"async\" class=\"alignnone wp-image-1060 size-full\" src=\"http:\/\/www.altesrathaus-kaarst.de\/wordpress\/wp-content\/uploads\/2018\/02\/IMG_0930.jpg\" alt=\"\" width=\"1000\" height=\"667\" srcset=\"http:\/\/www.altesrathaus-kaarst.de\/wordpress\/wp-content\/uploads\/2018\/02\/IMG_0930.jpg 1000w, http:\/\/www.altesrathaus-kaarst.de\/wordpress\/wp-content\/uploads\/2018\/02\/IMG_0930-300x200.jpg 300w, http:\/\/www.altesrathaus-kaarst.de\/wordpress\/wp-content\/uploads\/2018\/02\/IMG_0930-768x512.jpg 768w, http:\/\/www.altesrathaus-kaarst.de\/wordpress\/wp-content\/uploads\/2018\/02\/IMG_0930-120x80.jpg 120w, http:\/\/www.altesrathaus-kaarst.de\/wordpress\/wp-content\/uploads\/2018\/02\/IMG_0930-272x182.jpg 272w\" sizes=\"auto, (max-width: 1000px) 100vw, 1000px\" \/><\/a><\/p>\n<\/div>\n<\/div><\/div><\/div><\/div><div id=\"pg-7-1\"  class=\"panel-grid panel-has-style\" ><div class=\"panel-row-style panel-row-style-for-7-1\" ><div id=\"pgc-7-1-0\"  class=\"panel-grid-cell\" ><div id=\"panel-7-1-0-0\" class=\"so-panel widget widget_sow-editor panel-first-child panel-last-child\" data-index=\"2\" ><div class=\"panel-widget-style panel-widget-style-for-7-1-0-0\" ><div\n\t\t\t\n\t\t\tclass=\"so-widget-sow-editor so-widget-sow-editor-base\"\n\t\t\t\n\t\t>\n<div class=\"siteorigin-widget-tinymce textwidget\">\n\t<h3 style=\"text-align: center;\"><strong>Vielf\u00e4ltiges Flammkuchen Sortiment &amp;\u00a0h\u00f6chste Qualit\u00e4t<\/strong><\/h3>\n<p style=\"text-align: center;\">Weitere Details gerne auf Anfrage.<\/p>\n<p style=\"text-align: center;\">\u00a0<\/p>\n<\/div>\n<\/div><\/div><\/div><\/div><\/div><\/div><div id=\"pg-7-2\"  class=\"panel-grid panel-no-style\" ><div id=\"pgc-7-2-0\"  class=\"panel-grid-cell\" ><div id=\"panel-7-2-0-0\" class=\"so-panel widget widget_sow-editor panel-first-child panel-last-child\" data-index=\"3\" ><div\n\t\t\t\n\t\t\tclass=\"so-widget-sow-editor so-widget-sow-editor-base\"\n\t\t\t\n\t\t>\n<div class=\"siteorigin-widget-tinymce textwidget\">\n\t<p><a href=\"http:\/\/www.altesrathaus-kaarst.de\/wordpress\/wp-content\/uploads\/2018\/02\/IMG_0913.jpg\" target=\"_blank\" rel=\"noopener noreferrer\"><img loading=\"lazy\" decoding=\"async\" class=\"alignnone wp-image-1059 size-full\" src=\"http:\/\/www.altesrathaus-kaarst.de\/wordpress\/wp-content\/uploads\/2018\/02\/IMG_0913.jpg\" alt=\"\" width=\"1000\" height=\"667\" srcset=\"http:\/\/www.altesrathaus-kaarst.de\/wordpress\/wp-content\/uploads\/2018\/02\/IMG_0913.jpg 1000w, http:\/\/www.altesrathaus-kaarst.de\/wordpress\/wp-content\/uploads\/2018\/02\/IMG_0913-300x200.jpg 300w, http:\/\/www.altesrathaus-kaarst.de\/wordpress\/wp-content\/uploads\/2018\/02\/IMG_0913-768x512.jpg 768w, http:\/\/www.altesrathaus-kaarst.de\/wordpress\/wp-content\/uploads\/2018\/02\/IMG_0913-120x80.jpg 120w, http:\/\/www.altesrathaus-kaarst.de\/wordpress\/wp-content\/uploads\/2018\/02\/IMG_0913-272x182.jpg 272w\" sizes=\"auto, (max-width: 1000px) 100vw, 1000px\" \/><\/a><\/p>\n<\/div>\n<\/div><\/div><\/div><div id=\"pgc-7-2-1\"  class=\"panel-grid-cell\" ><div id=\"panel-7-2-1-0\" class=\"so-panel widget widget_sow-editor panel-first-child panel-last-child\" data-index=\"4\" ><div\n\t\t\t\n\t\t\tclass=\"so-widget-sow-editor so-widget-sow-editor-base\"\n\t\t\t\n\t\t>\n<div class=\"siteorigin-widget-tinymce textwidget\">\n\t<p><a href=\"http:\/\/www.altesrathaus-kaarst.de\/wordpress\/wp-content\/uploads\/2018\/02\/IMG_0927.jpg\" target=\"_blank\" rel=\"noopener noreferrer\"><img loading=\"lazy\" decoding=\"async\" class=\"alignnone wp-image-1058 size-full\" src=\"http:\/\/www.altesrathaus-kaarst.de\/wordpress\/wp-content\/uploads\/2018\/02\/IMG_0927.jpg\" alt=\"\" width=\"1000\" height=\"667\" srcset=\"http:\/\/www.altesrathaus-kaarst.de\/wordpress\/wp-content\/uploads\/2018\/02\/IMG_0927.jpg 1000w, http:\/\/www.altesrathaus-kaarst.de\/wordpress\/wp-content\/uploads\/2018\/02\/IMG_0927-300x200.jpg 300w, http:\/\/www.altesrathaus-kaarst.de\/wordpress\/wp-content\/uploads\/2018\/02\/IMG_0927-768x512.jpg 768w, http:\/\/www.altesrathaus-kaarst.de\/wordpress\/wp-content\/uploads\/2018\/02\/IMG_0927-120x80.jpg 120w, http:\/\/www.altesrathaus-kaarst.de\/wordpress\/wp-content\/uploads\/2018\/02\/IMG_0927-272x182.jpg 272w\" sizes=\"auto, (max-width: 1000px) 100vw, 1000px\" \/><\/a><\/p>\n<\/div>\n<\/div><\/div><\/div><div id=\"pgc-7-2-2\"  class=\"panel-grid-cell\" ><div id=\"panel-7-2-2-0\" class=\"so-panel widget widget_sow-editor panel-first-child panel-last-child\" data-index=\"5\" ><div\n\t\t\t\n\t\t\tclass=\"so-widget-sow-editor so-widget-sow-editor-base\"\n\t\t\t\n\t\t>\n<div class=\"siteorigin-widget-tinymce textwidget\">\n\t<p><a href=\"http:\/\/www.altesrathaus-kaarst.de\/wordpress\/wp-content\/uploads\/2018\/02\/IMG_0921.jpg\" target=\"_blank\" rel=\"noopener noreferrer\"><img loading=\"lazy\" decoding=\"async\" class=\"alignnone wp-image-1057 size-full\" src=\"http:\/\/www.altesrathaus-kaarst.de\/wordpress\/wp-content\/uploads\/2018\/02\/IMG_0921.jpg\" alt=\"\" width=\"1000\" height=\"667\" srcset=\"http:\/\/www.altesrathaus-kaarst.de\/wordpress\/wp-content\/uploads\/2018\/02\/IMG_0921.jpg 1000w, http:\/\/www.altesrathaus-kaarst.de\/wordpress\/wp-content\/uploads\/2018\/02\/IMG_0921-300x200.jpg 300w, http:\/\/www.altesrathaus-kaarst.de\/wordpress\/wp-content\/uploads\/2018\/02\/IMG_0921-768x512.jpg 768w, http:\/\/www.altesrathaus-kaarst.de\/wordpress\/wp-content\/uploads\/2018\/02\/IMG_0921-120x80.jpg 120w, http:\/\/www.altesrathaus-kaarst.de\/wordpress\/wp-content\/uploads\/2018\/02\/IMG_0921-272x182.jpg 272w\" sizes=\"auto, (max-width: 1000px) 100vw, 1000px\" \/><\/a><\/p>\n<\/div>\n<\/div><\/div><\/div><\/div><div id=\"pg-7-3\"  class=\"panel-grid panel-no-style\" ><div id=\"pgc-7-3-0\"  class=\"panel-grid-cell\" ><div id=\"panel-7-3-0-0\" class=\"so-panel widget widget_sow-editor panel-first-child panel-last-child\" data-index=\"6\" ><div\n\t\t\t\n\t\t\tclass=\"so-widget-sow-editor so-widget-sow-editor-base\"\n\t\t\t\n\t\t>\n<div class=\"siteorigin-widget-tinymce textwidget\">\n\t<p><a href=\"http:\/\/www.altesrathaus-kaarst.de\/wordpress\/wp-content\/uploads\/2016\/09\/Apfel.jpg\"><img loading=\"lazy\" decoding=\"async\" class=\"alignnone size-full wp-image-349\" src=\"http:\/\/www.altesrathaus-kaarst.de\/wordpress\/wp-content\/uploads\/2016\/09\/Apfel.jpg\" alt=\"apfel\" width=\"1000\" height=\"419\" srcset=\"http:\/\/www.altesrathaus-kaarst.de\/wordpress\/wp-content\/uploads\/2016\/09\/Apfel.jpg 1000w, http:\/\/www.altesrathaus-kaarst.de\/wordpress\/wp-content\/uploads\/2016\/09\/Apfel-300x126.jpg 300w, http:\/\/www.altesrathaus-kaarst.de\/wordpress\/wp-content\/uploads\/2016\/09\/Apfel-768x322.jpg 768w\" sizes=\"auto, (max-width: 1000px) 100vw, 1000px\" \/><\/a><\/p>\n<hr \/>\n<h5>Flammkuchen (Apfel)<\/h5>\n<\/div>\n<\/div><\/div><\/div><div id=\"pgc-7-3-1\"  class=\"panel-grid-cell\" ><div id=\"panel-7-3-1-0\" class=\"so-panel widget widget_sow-editor panel-first-child panel-last-child\" data-index=\"7\" ><div\n\t\t\t\n\t\t\tclass=\"so-widget-sow-editor so-widget-sow-editor-base\"\n\t\t\t\n\t\t>\n<div class=\"siteorigin-widget-tinymce textwidget\">\n\t<p><a href=\"http:\/\/www.altesrathaus-kaarst.de\/wordpress\/wp-content\/uploads\/2016\/09\/Champignon.jpg\"><img loading=\"lazy\" decoding=\"async\" class=\"alignnone size-full wp-image-350\" src=\"http:\/\/www.altesrathaus-kaarst.de\/wordpress\/wp-content\/uploads\/2016\/09\/Champignon.jpg\" alt=\"champignon\" width=\"1000\" height=\"458\" srcset=\"http:\/\/www.altesrathaus-kaarst.de\/wordpress\/wp-content\/uploads\/2016\/09\/Champignon.jpg 1000w, http:\/\/www.altesrathaus-kaarst.de\/wordpress\/wp-content\/uploads\/2016\/09\/Champignon-300x137.jpg 300w, http:\/\/www.altesrathaus-kaarst.de\/wordpress\/wp-content\/uploads\/2016\/09\/Champignon-768x352.jpg 768w\" sizes=\"auto, (max-width: 1000px) 100vw, 1000px\" \/><\/a><\/p>\n<hr \/>\n<h5>Flammkuchen (Champignon)<\/h5>\n<\/div>\n<\/div><\/div><\/div><div id=\"pgc-7-3-2\"  class=\"panel-grid-cell\" ><div id=\"panel-7-3-2-0\" class=\"so-panel widget widget_sow-editor panel-first-child panel-last-child\" data-index=\"8\" ><div\n\t\t\t\n\t\t\tclass=\"so-widget-sow-editor so-widget-sow-editor-base\"\n\t\t\t\n\t\t>\n<div class=\"siteorigin-widget-tinymce textwidget\">\n\t<p><a href=\"http:\/\/www.altesrathaus-kaarst.de\/wordpress\/wp-content\/uploads\/2016\/09\/Elsass.jpg\"><img loading=\"lazy\" decoding=\"async\" class=\"alignnone size-full wp-image-351\" src=\"http:\/\/www.altesrathaus-kaarst.de\/wordpress\/wp-content\/uploads\/2016\/09\/Elsass.jpg\" alt=\"elsass\" width=\"1000\" height=\"436\" srcset=\"http:\/\/www.altesrathaus-kaarst.de\/wordpress\/wp-content\/uploads\/2016\/09\/Elsass.jpg 1000w, http:\/\/www.altesrathaus-kaarst.de\/wordpress\/wp-content\/uploads\/2016\/09\/Elsass-300x131.jpg 300w, http:\/\/www.altesrathaus-kaarst.de\/wordpress\/wp-content\/uploads\/2016\/09\/Elsass-768x335.jpg 768w\" sizes=\"auto, (max-width: 1000px) 100vw, 1000px\" \/><\/a><\/p>\n<hr \/>\n<h5>Flammkuchen (Elsass)<\/h5>\n<\/div>\n<\/div><\/div><\/div><div id=\"pgc-7-3-3\"  class=\"panel-grid-cell\" ><div id=\"panel-7-3-3-0\" class=\"so-panel widget widget_sow-editor panel-first-child panel-last-child\" data-index=\"9\" ><div\n\t\t\t\n\t\t\tclass=\"so-widget-sow-editor so-widget-sow-editor-base\"\n\t\t\t\n\t\t>\n<div class=\"siteorigin-widget-tinymce textwidget\">\n\t<p><a href=\"http:\/\/www.altesrathaus-kaarst.de\/wordpress\/wp-content\/uploads\/2016\/09\/Griechisch.jpg\"><img loading=\"lazy\" decoding=\"async\" class=\"alignnone size-full wp-image-352\" src=\"http:\/\/www.altesrathaus-kaarst.de\/wordpress\/wp-content\/uploads\/2016\/09\/Griechisch.jpg\" alt=\"griechisch\" width=\"1000\" height=\"432\" srcset=\"http:\/\/www.altesrathaus-kaarst.de\/wordpress\/wp-content\/uploads\/2016\/09\/Griechisch.jpg 1000w, http:\/\/www.altesrathaus-kaarst.de\/wordpress\/wp-content\/uploads\/2016\/09\/Griechisch-300x130.jpg 300w, http:\/\/www.altesrathaus-kaarst.de\/wordpress\/wp-content\/uploads\/2016\/09\/Griechisch-768x332.jpg 768w\" sizes=\"auto, (max-width: 1000px) 100vw, 1000px\" \/><\/a><\/p>\n<hr \/>\n<h5>Flammkuchen (Griechisch)<\/h5>\n<\/div>\n<\/div><\/div><\/div><div id=\"pgc-7-3-4\"  class=\"panel-grid-cell\" ><div id=\"panel-7-3-4-0\" class=\"so-panel widget widget_sow-editor panel-first-child panel-last-child\" data-index=\"10\" ><div\n\t\t\t\n\t\t\tclass=\"so-widget-sow-editor so-widget-sow-editor-base\"\n\t\t\t\n\t\t>\n<div class=\"siteorigin-widget-tinymce textwidget\">\n\t<p><a href=\"http:\/\/www.altesrathaus-kaarst.de\/wordpress\/wp-content\/uploads\/2016\/09\/Hawaii.jpg\"><img loading=\"lazy\" decoding=\"async\" class=\"alignnone size-full wp-image-353\" src=\"http:\/\/www.altesrathaus-kaarst.de\/wordpress\/wp-content\/uploads\/2016\/09\/Hawaii.jpg\" alt=\"hawaii\" width=\"1000\" height=\"430\" srcset=\"http:\/\/www.altesrathaus-kaarst.de\/wordpress\/wp-content\/uploads\/2016\/09\/Hawaii.jpg 1000w, http:\/\/www.altesrathaus-kaarst.de\/wordpress\/wp-content\/uploads\/2016\/09\/Hawaii-300x129.jpg 300w, http:\/\/www.altesrathaus-kaarst.de\/wordpress\/wp-content\/uploads\/2016\/09\/Hawaii-768x330.jpg 768w\" sizes=\"auto, (max-width: 1000px) 100vw, 1000px\" \/><\/a><\/p>\n<hr \/>\n<h5>Flammkuchen (Hawaii)<\/h5>\n<\/div>\n<\/div><\/div><\/div><div id=\"pgc-7-3-5\"  class=\"panel-grid-cell\" ><div id=\"panel-7-3-5-0\" class=\"so-panel widget widget_sow-editor panel-first-child panel-last-child\" data-index=\"11\" ><div\n\t\t\t\n\t\t\tclass=\"so-widget-sow-editor so-widget-sow-editor-base\"\n\t\t\t\n\t\t>\n<div class=\"siteorigin-widget-tinymce textwidget\">\n\t<p><a href=\"http:\/\/www.altesrathaus-kaarst.de\/wordpress\/wp-content\/uploads\/2016\/09\/Lachs.jpg\"><img loading=\"lazy\" decoding=\"async\" class=\"alignnone size-full wp-image-355\" src=\"http:\/\/www.altesrathaus-kaarst.de\/wordpress\/wp-content\/uploads\/2016\/09\/Lachs.jpg\" alt=\"lachs\" width=\"1000\" height=\"412\" srcset=\"http:\/\/www.altesrathaus-kaarst.de\/wordpress\/wp-content\/uploads\/2016\/09\/Lachs.jpg 1000w, http:\/\/www.altesrathaus-kaarst.de\/wordpress\/wp-content\/uploads\/2016\/09\/Lachs-300x124.jpg 300w, http:\/\/www.altesrathaus-kaarst.de\/wordpress\/wp-content\/uploads\/2016\/09\/Lachs-768x316.jpg 768w\" sizes=\"auto, (max-width: 1000px) 100vw, 1000px\" \/><\/a><\/p>\n<hr \/>\n<h5>Flammkuchen (Lachs)<\/h5>\n<\/div>\n<\/div><\/div><\/div><\/div><div id=\"pg-7-4\"  class=\"panel-grid panel-no-style\" ><div id=\"pgc-7-4-0\"  class=\"panel-grid-cell\" ><div id=\"panel-7-4-0-0\" class=\"so-panel widget widget_sow-editor panel-first-child panel-last-child\" data-index=\"12\" ><div\n\t\t\t\n\t\t\tclass=\"so-widget-sow-editor so-widget-sow-editor-base\"\n\t\t\t\n\t\t>\n<div class=\"siteorigin-widget-tinymce textwidget\">\n\t<p><a href=\"http:\/\/www.altesrathaus-kaarst.de\/wordpress\/wp-content\/uploads\/2016\/09\/Kaese.jpg\"><img loading=\"lazy\" decoding=\"async\" class=\"alignnone size-full wp-image-354\" src=\"http:\/\/www.altesrathaus-kaarst.de\/wordpress\/wp-content\/uploads\/2016\/09\/Kaese.jpg\" alt=\"kaese\" width=\"1000\" height=\"436\" srcset=\"http:\/\/www.altesrathaus-kaarst.de\/wordpress\/wp-content\/uploads\/2016\/09\/Kaese.jpg 1000w, http:\/\/www.altesrathaus-kaarst.de\/wordpress\/wp-content\/uploads\/2016\/09\/Kaese-300x131.jpg 300w, http:\/\/www.altesrathaus-kaarst.de\/wordpress\/wp-content\/uploads\/2016\/09\/Kaese-768x335.jpg 768w\" sizes=\"auto, (max-width: 1000px) 100vw, 1000px\" \/><\/a><\/p>\n<hr \/>\n<h5>Flammkuchen (K\u00e4se)<\/h5>\n<\/div>\n<\/div><\/div><\/div><div id=\"pgc-7-4-1\"  class=\"panel-grid-cell\" ><div id=\"panel-7-4-1-0\" class=\"so-panel widget widget_sow-editor panel-first-child panel-last-child\" data-index=\"13\" ><div\n\t\t\t\n\t\t\tclass=\"so-widget-sow-editor so-widget-sow-editor-base\"\n\t\t\t\n\t\t>\n<div class=\"siteorigin-widget-tinymce textwidget\">\n\t<p><a href=\"http:\/\/www.altesrathaus-kaarst.de\/wordpress\/wp-content\/uploads\/2016\/09\/Rucola.jpg\"><img loading=\"lazy\" decoding=\"async\" class=\"alignnone size-full wp-image-357\" src=\"http:\/\/www.altesrathaus-kaarst.de\/wordpress\/wp-content\/uploads\/2016\/09\/Rucola.jpg\" alt=\"rucola\" width=\"1000\" height=\"441\" srcset=\"http:\/\/www.altesrathaus-kaarst.de\/wordpress\/wp-content\/uploads\/2016\/09\/Rucola.jpg 1000w, http:\/\/www.altesrathaus-kaarst.de\/wordpress\/wp-content\/uploads\/2016\/09\/Rucola-300x132.jpg 300w, http:\/\/www.altesrathaus-kaarst.de\/wordpress\/wp-content\/uploads\/2016\/09\/Rucola-768x339.jpg 768w\" sizes=\"auto, (max-width: 1000px) 100vw, 1000px\" \/><\/a><\/p>\n<hr \/>\n<h5>Flammkuchen (Rucola)<\/h5>\n<\/div>\n<\/div><\/div><\/div><div id=\"pgc-7-4-2\"  class=\"panel-grid-cell\" ><div id=\"panel-7-4-2-0\" class=\"so-panel widget widget_sow-editor panel-first-child panel-last-child\" data-index=\"14\" ><div\n\t\t\t\n\t\t\tclass=\"so-widget-sow-editor so-widget-sow-editor-base\"\n\t\t\t\n\t\t>\n<div class=\"siteorigin-widget-tinymce textwidget\">\n\t<p><a href=\"http:\/\/www.altesrathaus-kaarst.de\/wordpress\/wp-content\/uploads\/2016\/09\/Parma.jpg\"><img loading=\"lazy\" decoding=\"async\" class=\"alignnone size-full wp-image-356\" src=\"http:\/\/www.altesrathaus-kaarst.de\/wordpress\/wp-content\/uploads\/2016\/09\/Parma.jpg\" alt=\"parma\" width=\"1000\" height=\"446\" srcset=\"http:\/\/www.altesrathaus-kaarst.de\/wordpress\/wp-content\/uploads\/2016\/09\/Parma.jpg 1000w, http:\/\/www.altesrathaus-kaarst.de\/wordpress\/wp-content\/uploads\/2016\/09\/Parma-300x134.jpg 300w, http:\/\/www.altesrathaus-kaarst.de\/wordpress\/wp-content\/uploads\/2016\/09\/Parma-768x343.jpg 768w\" sizes=\"auto, (max-width: 1000px) 100vw, 1000px\" \/><\/a><\/p>\n<hr \/>\n<h5>Flammkuchen (Parma)<\/h5>\n<\/div>\n<\/div><\/div><\/div><div id=\"pgc-7-4-3\"  class=\"panel-grid-cell\" ><div id=\"panel-7-4-3-0\" class=\"so-panel widget widget_sow-editor panel-first-child panel-last-child\" data-index=\"15\" ><div\n\t\t\t\n\t\t\tclass=\"so-widget-sow-editor so-widget-sow-editor-base\"\n\t\t\t\n\t\t>\n<div class=\"siteorigin-widget-tinymce textwidget\">\n\t<p><a href=\"http:\/\/www.altesrathaus-kaarst.de\/wordpress\/wp-content\/uploads\/2016\/09\/Salami.jpg\"><img loading=\"lazy\" decoding=\"async\" class=\"alignnone size-full wp-image-358\" src=\"http:\/\/www.altesrathaus-kaarst.de\/wordpress\/wp-content\/uploads\/2016\/09\/Salami.jpg\" alt=\"salami\" width=\"1000\" height=\"414\" srcset=\"http:\/\/www.altesrathaus-kaarst.de\/wordpress\/wp-content\/uploads\/2016\/09\/Salami.jpg 1000w, http:\/\/www.altesrathaus-kaarst.de\/wordpress\/wp-content\/uploads\/2016\/09\/Salami-300x124.jpg 300w, http:\/\/www.altesrathaus-kaarst.de\/wordpress\/wp-content\/uploads\/2016\/09\/Salami-768x318.jpg 768w\" sizes=\"auto, (max-width: 1000px) 100vw, 1000px\" \/><\/a><\/p>\n<hr \/>\n<h5>Flammkuchen (Salami)<\/h5>\n<\/div>\n<\/div><\/div><\/div><div id=\"pgc-7-4-4\"  class=\"panel-grid-cell\" ><div id=\"panel-7-4-4-0\" class=\"so-panel widget widget_sow-editor panel-first-child panel-last-child\" data-index=\"16\" ><div\n\t\t\t\n\t\t\tclass=\"so-widget-sow-editor so-widget-sow-editor-base\"\n\t\t\t\n\t\t>\n<div class=\"siteorigin-widget-tinymce textwidget\">\n\t<p><a href=\"http:\/\/www.altesrathaus-kaarst.de\/wordpress\/wp-content\/uploads\/2016\/09\/Thunfisch.jpg\"><img loading=\"lazy\" decoding=\"async\" class=\"alignnone size-full wp-image-359\" src=\"http:\/\/www.altesrathaus-kaarst.de\/wordpress\/wp-content\/uploads\/2016\/09\/Thunfisch.jpg\" alt=\"thunfisch\" width=\"1000\" height=\"433\" srcset=\"http:\/\/www.altesrathaus-kaarst.de\/wordpress\/wp-content\/uploads\/2016\/09\/Thunfisch.jpg 1000w, http:\/\/www.altesrathaus-kaarst.de\/wordpress\/wp-content\/uploads\/2016\/09\/Thunfisch-300x130.jpg 300w, http:\/\/www.altesrathaus-kaarst.de\/wordpress\/wp-content\/uploads\/2016\/09\/Thunfisch-768x333.jpg 768w\" sizes=\"auto, (max-width: 1000px) 100vw, 1000px\" \/><\/a><\/p>\n<hr \/>\n<h5>Flammkuchen (Thunfisch)<\/h5>\n<\/div>\n<\/div><\/div><\/div><div id=\"pgc-7-4-5\"  class=\"panel-grid-cell\" ><div id=\"panel-7-4-5-0\" class=\"so-panel widget widget_sow-editor panel-first-child panel-last-child\" data-index=\"17\" ><div\n\t\t\t\n\t\t\tclass=\"so-widget-sow-editor so-widget-sow-editor-base\"\n\t\t\t\n\t\t>\n<div class=\"siteorigin-widget-tinymce textwidget\">\n\t<p><a href=\"http:\/\/www.altesrathaus-kaarst.de\/wordpress\/wp-content\/uploads\/2016\/09\/Vegetarisch.jpg\"><img loading=\"lazy\" decoding=\"async\" class=\"alignnone size-full wp-image-360\" src=\"http:\/\/www.altesrathaus-kaarst.de\/wordpress\/wp-content\/uploads\/2016\/09\/Vegetarisch.jpg\" alt=\"vegetarisch\" width=\"1000\" height=\"413\" srcset=\"http:\/\/www.altesrathaus-kaarst.de\/wordpress\/wp-content\/uploads\/2016\/09\/Vegetarisch.jpg 1000w, http:\/\/www.altesrathaus-kaarst.de\/wordpress\/wp-content\/uploads\/2016\/09\/Vegetarisch-300x124.jpg 300w, http:\/\/www.altesrathaus-kaarst.de\/wordpress\/wp-content\/uploads\/2016\/09\/Vegetarisch-768x317.jpg 768w\" sizes=\"auto, (max-width: 1000px) 100vw, 1000px\" \/><\/a><\/p>\n<hr \/>\n<h5>Flammkuchen (Vegetarisch)<\/h5>\n<\/div>\n<\/div><\/div><\/div><\/div><div id=\"pg-7-5\"  class=\"panel-grid panel-no-style\" ><div id=\"pgc-7-5-0\"  class=\"panel-grid-cell\" ><div id=\"panel-7-5-0-0\" class=\"so-panel widget widget_sow-editor panel-first-child panel-last-child\" data-index=\"18\" ><div\n\t\t\t\n\t\t\tclass=\"so-widget-sow-editor so-widget-sow-editor-base\"\n\t\t\t\n\t\t>\n<div class=\"siteorigin-widget-tinymce textwidget\">\n\t<p><img loading=\"lazy\" decoding=\"async\" class=\"aligncenter wp-image-1567\" src=\"http:\/\/www.altesrathaus-kaarst.de\/wordpress\/wp-content\/uploads\/2019\/01\/Maitre-Master_V2008_10-300x267.png\" alt=\"\" width=\"300\" height=\"267\" srcset=\"http:\/\/www.altesrathaus-kaarst.de\/wordpress\/wp-content\/uploads\/2019\/01\/Maitre-Master_V2008_10-300x267.png 300w, http:\/\/www.altesrathaus-kaarst.de\/wordpress\/wp-content\/uploads\/2019\/01\/Maitre-Master_V2008_10-768x684.png 768w, http:\/\/www.altesrathaus-kaarst.de\/wordpress\/wp-content\/uploads\/2019\/01\/Maitre-Master_V2008_10-90x80.png 90w, http:\/\/www.altesrathaus-kaarst.de\/wordpress\/wp-content\/uploads\/2019\/01\/Maitre-Master_V2008_10.png 1000w\" sizes=\"auto, (max-width: 300px) 100vw, 300px\" \/><\/p>\n<\/div>\n<\/div><\/div><\/div><\/div><\/div>","protected":false},"excerpt":{"rendered":"<p>Warum Flammkuchen? Auf den Bauernh\u00f6fen im franz\u00f6sischen Elsass wurde vor\u00a0100 Jahren im hauseigenen Ofen das Brot gemacht.Um die Hitze des Ofens zu pr\u00fcfen, wurden zuvor Teigst\u00fccke\u00a0ausgerollt und bei noch loderndem Feuer gebacken. Eines\u00a0Tages kam man auf die Idee, die ausgerollten Teigst\u00fccke mit\u00a0Cr\u00e8me, Zwiebeln und Speck zu belegen. Entstanden war eine\u00a0Delikatesse, [&hellip;]<\/p>\n","protected":false},"author":1,"featured_media":0,"parent":0,"menu_order":0,"comment_status":"closed","ping_status":"closed","template":"","meta":{"footnotes":""},"class_list":["post-7","page","type-page","status-publish","hentry"],"_links":{"self":[{"href":"http:\/\/www.altesrathaus-kaarst.de\/wordpress\/wp-json\/wp\/v2\/pages\/7","targetHints":{"allow":["GET"]}}],"collection":[{"href":"http:\/\/www.altesrathaus-kaarst.de\/wordpress\/wp-json\/wp\/v2\/pages"}],"about":[{"href":"http:\/\/www.altesrathaus-kaarst.de\/wordpress\/wp-json\/wp\/v2\/types\/page"}],"author":[{"embeddable":true,"href":"http:\/\/www.altesrathaus-kaarst.de\/wordpress\/wp-json\/wp\/v2\/users\/1"}],"replies":[{"embeddable":true,"href":"http:\/\/www.altesrathaus-kaarst.de\/wordpress\/wp-json\/wp\/v2\/comments?post=7"}],"version-history":[{"count":131,"href":"http:\/\/www.altesrathaus-kaarst.de\/wordpress\/wp-json\/wp\/v2\/pages\/7\/revisions"}],"predecessor-version":[{"id":1571,"href":"http:\/\/www.altesrathaus-kaarst.de\/wordpress\/wp-json\/wp\/v2\/pages\/7\/revisions\/1571"}],"wp:attachment":[{"href":"http:\/\/www.altesrathaus-kaarst.de\/wordpress\/wp-json\/wp\/v2\/media?parent=7"}],"curies":[{"name":"wp","href":"https:\/\/api.w.org\/{rel}","templated":true}]}}